{"id":274,"date":"2025-01-06T02:16:06","date_gmt":"2025-01-06T02:16:06","guid":{"rendered":"https:\/\/energy.servo.systems\/?page_id=274"},"modified":"2025-01-06T02:54:51","modified_gmt":"2025-01-06T02:54:51","slug":"estructuras","status":"publish","type":"page","link":"https:\/\/energy.servo.systems\/index.php\/estructuras\/","title":{"rendered":"Estructuras"},"content":{"rendered":"\n<div class=\"wp-block-group alignfull has-global-padding is-layout-constrained wp-container-core-group-is-layout-0c9c989a wp-block-group-is-layout-constrained\" style=\"min-height:0vh;margin-top:0;margin-bottom:0;padding-top:var(--wp--preset--spacing--70);padding-right:var(--wp--preset--spacing--40);padding-bottom:var(--wp--preset--spacing--70);padding-left:var(--wp--preset--spacing--40)\">\n<div class=\"wp-block-group has-global-padding is-layout-constrained wp-container-core-group-is-layout-346627ba wp-block-group-is-layout-constrained\">\n<h2 class=\"wp-block-heading has-text-align-center has-xx-large-font-size\" style=\"margin-right:0;margin-left:0;padding-right:0;padding-left:0\"><strong><strong><strong>Las Mejores Estructuras para Paneles Solares a Tu Alcance<\/strong><\/strong><\/strong><\/h2>\n\n\n\n<p class=\"has-text-align-center\">Ponemos a tu disposici\u00f3n las estructuras m\u00e1s robustas y confiables para paneles solares, ideales para proyectos de cualquier escala. Nos comprometemos a ofrecer soluciones de alta calidad que aseguran la estabilidad y durabilidad de tu sistema fotovoltaico, maximizando su eficiencia y rendimiento a largo plazo. Con nuestras estructuras, optimizamos la instalaci\u00f3n y el soporte de cada panel solar, brindando seguridad y satisfacci\u00f3n para nuestros clientes.<\/p>\n<\/div>\n<\/div>\n\n\n\n<div class=\"wp-block-group alignfull is-style-default has-global-padding is-layout-constrained wp-block-group-is-layout-constrained\" style=\"margin-top:0;margin-bottom:0;padding-top:var(--wp--preset--spacing--80);padding-bottom:var(--wp--preset--spacing--80)\">\n<div class=\"wp-block-columns alignwide is-layout-flex wp-container-core-columns-is-layout-66fad18a wp-block-columns-is-layout-flex\">\n<div class=\"wp-block-column is-layout-flow wp-block-column-is-layout-flow\" style=\"padding-right:var(--wp--preset--spacing--50);flex-basis:45%\">\n<figure class=\"wp-block-image size-full\"><img loading=\"lazy\" decoding=\"async\" width=\"940\" height=\"788\" src=\"https:\/\/energy.servo.systems\/wp-content\/uploads\/2025\/01\/Instalador-Paneles.png\" alt=\"\" class=\"wp-image-105\" srcset=\"https:\/\/energy.servo.systems\/wp-content\/uploads\/2025\/01\/Instalador-Paneles.png 940w, https:\/\/energy.servo.systems\/wp-content\/uploads\/2025\/01\/Instalador-Paneles-300x251.png 300w, https:\/\/energy.servo.systems\/wp-content\/uploads\/2025\/01\/Instalador-Paneles-768x644.png 768w\" sizes=\"auto, (max-width: 940px) 100vw, 940px\" \/><\/figure>\n\n\n\n<div class=\"wp-block-group has-global-padding is-layout-constrained wp-block-group-is-layout-constrained\" style=\"margin-top:-12vw\">\n<figure class=\"wp-block-image alignright size-full is-resized\" style=\"margin-right:-5vw;margin-left:-5vw\"><img loading=\"lazy\" decoding=\"async\" width=\"1152\" height=\"864\" src=\"https:\/\/energy.servo.systems\/wp-content\/uploads\/2025\/01\/estructura-panel-techo-inclinado-2.webp\" alt=\"\" class=\"wp-image-248\" style=\"width:202px\" srcset=\"https:\/\/energy.servo.systems\/wp-content\/uploads\/2025\/01\/estructura-panel-techo-inclinado-2.webp 1152w, https:\/\/energy.servo.systems\/wp-content\/uploads\/2025\/01\/estructura-panel-techo-inclinado-2-300x225.webp 300w, https:\/\/energy.servo.systems\/wp-content\/uploads\/2025\/01\/estructura-panel-techo-inclinado-2-1024x768.webp 1024w, https:\/\/energy.servo.systems\/wp-content\/uploads\/2025\/01\/estructura-panel-techo-inclinado-2-768x576.webp 768w\" sizes=\"auto, (max-width: 1152px) 100vw, 1152px\" \/><\/figure>\n<\/div>\n<\/div>\n\n\n\n<div class=\"wp-block-column is-vertically-aligned-center is-layout-flow wp-block-column-is-layout-flow\" style=\"padding-right:0;padding-left:0;flex-basis:50%\">\n<div class=\"wp-block-group is-vertical is-layout-flex wp-container-core-group-is-layout-fe9cc265 wp-block-group-is-layout-flex\">\n<h2 class=\"wp-block-heading has-text-align-center has-xx-large-font-size\" style=\"margin-right:0;margin-left:0;padding-right:0;padding-left:0\"><strong><strong><strong><strong>\u00bfPor qu\u00e9 necesitas una estructura adecuada para tus paneles solares?<\/strong><\/strong><\/strong><\/strong><\/h2>\n\n\n\n<p class=\"has-text-align-center\">La estructura para paneles solares es un elemento fundamental en cualquier instalaci\u00f3n fotovoltaica, ya que garantiza la estabilidad y seguridad del sistema a lo largo de su vida \u00fatil. Su principal funci\u00f3n es proporcionar un soporte s\u00f3lido y resistente que mantenga los paneles en la posici\u00f3n correcta, maximizando la exposici\u00f3n solar y optimizando la eficiencia del sistema. Sin una estructura adecuada, los paneles pueden estar expuestos a da\u00f1os debido a condiciones clim\u00e1ticas extremas, reduciendo su rendimiento y durabilidad. Adem\u00e1s, una instalaci\u00f3n mal estructurada puede generar costos adicionales por mantenimiento o reemplazo de equipos, lo que impacta negativamente en el retorno de inversi\u00f3n (ROI). Una estructura de calidad asegura una operaci\u00f3n confiable y eficiente, minimizando riesgos y maximizando el rendimiento energ\u00e9tico, lo que se traduce en mayores beneficios a largo plazo para tu negocio.<\/p>\n<\/div>\n<\/div>\n<\/div>\n<\/div>\n\n\n\n<div class=\"wp-block-group alignfull has-global-padding is-layout-constrained wp-container-core-group-is-layout-ebee8dc1 wp-block-group-is-layout-constrained\" style=\"margin-top:0;margin-bottom:0;padding-top:var(--wp--preset--spacing--50);padding-bottom:var(--wp--preset--spacing--50)\">\n<h2 class=\"wp-block-heading alignwide\">Nuestros servicios<\/h2>\n\n\n\n<div class=\"wp-block-columns alignwide is-layout-flex wp-container-core-columns-is-layout-28f84493 wp-block-columns-is-layout-flex\">\n<div class=\"wp-block-column is-layout-flow wp-block-column-is-layout-flow\">\n<figure class=\"wp-block-image size-full\" style=\"margin-bottom:24px\"><img loading=\"lazy\" decoding=\"async\" width=\"940\" height=\"788\" src=\"https:\/\/energy.servo.systems\/wp-content\/uploads\/2025\/01\/DisenoInvesor.png\" alt=\"\" class=\"wp-image-221\" style=\"aspect-ratio:4\/3;object-fit:cover\" srcset=\"https:\/\/energy.servo.systems\/wp-content\/uploads\/2025\/01\/DisenoInvesor.png 940w, https:\/\/energy.servo.systems\/wp-content\/uploads\/2025\/01\/DisenoInvesor-300x251.png 300w, https:\/\/energy.servo.systems\/wp-content\/uploads\/2025\/01\/DisenoInvesor-768x644.png 768w\" sizes=\"auto, (max-width: 940px) 100vw, 940px\" \/><\/figure>\n\n\n\n<h3 class=\"wp-block-heading\"><strong>Dise\u00f1o<\/strong><\/h3>\n\n\n\n<p class=\"has-medium-font-size\">Dise\u00f1amos estructuras para paneles solares que optimizan la estabilidad y maximizan la eficiencia del sistema, asegurando una correcta alineaci\u00f3n y exposici\u00f3n solar para un rendimiento energ\u00e9tico superior.<\/p>\n<\/div>\n\n\n\n<div class=\"wp-block-column is-layout-flow wp-block-column-is-layout-flow\">\n<figure class=\"wp-block-image size-full\" style=\"margin-bottom:24px\"><img loading=\"lazy\" decoding=\"async\" width=\"1024\" height=\"533\" src=\"https:\/\/energy.servo.systems\/wp-content\/uploads\/2025\/01\/estructuras-paneles-solares-merida-2-1024x533-1.png\" alt=\"\" class=\"wp-image-282\" style=\"aspect-ratio:4\/3;object-fit:cover\" srcset=\"https:\/\/energy.servo.systems\/wp-content\/uploads\/2025\/01\/estructuras-paneles-solares-merida-2-1024x533-1.png 1024w, https:\/\/energy.servo.systems\/wp-content\/uploads\/2025\/01\/estructuras-paneles-solares-merida-2-1024x533-1-300x156.png 300w, https:\/\/energy.servo.systems\/wp-content\/uploads\/2025\/01\/estructuras-paneles-solares-merida-2-1024x533-1-768x400.png 768w\" sizes=\"auto, (max-width: 1024px) 100vw, 1024px\" \/><\/figure>\n\n\n\n<h3 class=\"wp-block-heading\"><strong>Implementaci\u00f3n<\/strong><\/h3>\n\n\n\n<p class=\"has-medium-font-size\">Instalamos estructuras para paneles solares con precisi\u00f3n, asegurando un soporte seguro y estable para cada panel, lo que garantiza su rendimiento \u00f3ptimo y eficiencia a largo plazo.<\/p>\n<\/div>\n\n\n\n<div class=\"wp-block-column is-layout-flow wp-block-column-is-layout-flow\">\n<figure class=\"wp-block-image size-full\" style=\"margin-bottom:24px\"><img loading=\"lazy\" decoding=\"async\" width=\"940\" height=\"788\" src=\"https:\/\/energy.servo.systems\/wp-content\/uploads\/2025\/01\/Paneles-Instalados.png\" alt=\"\" class=\"wp-image-107\" style=\"aspect-ratio:4\/3;object-fit:cover\" srcset=\"https:\/\/energy.servo.systems\/wp-content\/uploads\/2025\/01\/Paneles-Instalados.png 940w, https:\/\/energy.servo.systems\/wp-content\/uploads\/2025\/01\/Paneles-Instalados-300x251.png 300w, https:\/\/energy.servo.systems\/wp-content\/uploads\/2025\/01\/Paneles-Instalados-768x644.png 768w\" sizes=\"auto, (max-width: 940px) 100vw, 940px\" \/><\/figure>\n\n\n\n<h3 class=\"wp-block-heading\"><strong>Entrega funcionando<\/strong><\/h3>\n\n\n\n<p class=\"has-medium-font-size\">Entregamos instalaciones con estructuras para paneles solares completamente funcionales, optimizando la exposici\u00f3n solar y garantizando un rendimiento eficiente desde el primer d\u00eda.<\/p>\n<\/div>\n<\/div>\n\n\n\n<div class=\"wp-block-columns alignwide is-layout-flex wp-container-core-columns-is-layout-28f84493 wp-block-columns-is-layout-flex\">\n<div class=\"wp-block-column is-layout-flow wp-block-column-is-layout-flow\">\n<figure class=\"wp-block-image size-full\" style=\"margin-bottom:24px\"><img loading=\"lazy\" decoding=\"async\" width=\"514\" height=\"290\" src=\"https:\/\/energy.servo.systems\/wp-content\/uploads\/2025\/01\/RACK11.png\" alt=\"\" class=\"wp-image-286\" style=\"aspect-ratio:4\/3;object-fit:cover\" srcset=\"https:\/\/energy.servo.systems\/wp-content\/uploads\/2025\/01\/RACK11.png 514w, https:\/\/energy.servo.systems\/wp-content\/uploads\/2025\/01\/RACK11-300x169.png 300w\" sizes=\"auto, (max-width: 514px) 100vw, 514px\" \/><\/figure>\n\n\n\n<h3 class=\"wp-block-heading\"><strong><strong>SOLARMOUNT TILT\u00a0<\/strong><\/strong><\/h3>\n\n\n\n<p class=\"has-medium-font-size\">Dise\u00f1adas para una instalaci\u00f3n m\u00e1s f\u00e1cil y r\u00e1pida, nuestras estructuras ofrecen una flexibilidad inigualable. Con patas inclinadas personalizables, pueden ajustarse a cualquier \u00e1ngulo de hasta 30 grados, optimizando la exposici\u00f3n solar y garantizando un rendimiento eficiente para proyectos residenciales. <strong>Estructuras para Aplicaciones Residenciales de Montaje PV Inclinados<\/strong><\/p>\n\n\n\n<p><a href=\"https:\/\/energy.servo.systems\/wp-content\/uploads\/2025\/01\/ficha-tecnica-unirac.pdf\" data-type=\"attachment\" data-id=\"287\" target=\"_blank\" rel=\"noreferrer noopener\"><strong>Consulta la ficha t\u00e9cnica<\/strong><\/a><\/p>\n<\/div>\n<\/div>\n<\/div>\n\n\n\n<h2 class=\"wp-block-heading has-text-align-center has-xx-large-font-size\" style=\"margin-right:0;margin-left:0;padding-right:0;padding-left:0\"><strong>Las Mejores Marcas de estructuras para Paneles Solares a Tu Alcance<\/strong><\/h2>\n\n\n\n<figure class=\"wp-block-image aligncenter size-full\"><img loading=\"lazy\" decoding=\"async\" width=\"400\" height=\"84\" src=\"https:\/\/energy.servo.systems\/wp-content\/uploads\/2025\/01\/Unirac.png\" alt=\"\" class=\"wp-image-283\" srcset=\"https:\/\/energy.servo.systems\/wp-content\/uploads\/2025\/01\/Unirac.png 400w, https:\/\/energy.servo.systems\/wp-content\/uploads\/2025\/01\/Unirac-300x63.png 300w\" sizes=\"auto, (max-width: 400px) 100vw, 400px\" \/><\/figure>\n\n\n\n<div class=\"wp-block-columns is-layout-flex wp-container-core-columns-is-layout-28f84493 wp-block-columns-is-layout-flex\">\n<div class=\"wp-block-column is-layout-flow wp-block-column-is-layout-flow\" style=\"flex-basis:100em\">\n<p class=\"has-text-align-center is-style-text-display is-style-text-display--1\"><strong>\u00bfTienes preguntas?<\/strong> <br><a href=\"https:\/\/energy.servo.systems\/index.php\/contact-us\/\" data-type=\"page\" data-id=\"54\" rel=\"nofollow\">\u00a1Estamos aqu\u00ed para ayudarte!<\/a><\/p>\n\n\n\n<div class=\"wp-block-joinchat-button joinchat-button--qr-both has-border-color\" style=\"border-color:#25d366;border-style:solid;border-width:6px;border-radius:30px\"><figure><figcaption>Scan the code<\/figcaption><a class=\"joinchat-button__qr has-border-color\" style=\"border-color:#25d366;border-style:solid;border-width:6px;border-radius:30px\" href=\"#whatsapp\"><\/a><\/figure><a class=\"wp-block-button__link joinchat-button__link has-ffffff-color has-text-color has-background has-border-color\" style=\"border-color:#25d366;border-style:solid;border-width:6px;border-radius:30px;background-color:#25d366\" href=\"#whatsapp\"><span><strong>Open Chat<\/strong><\/span><\/a><\/div>\n\n\n\n<div class=\"wp-block-group has-global-padding is-layout-constrained wp-block-group-is-layout-constrained\"><div class=\"wpforms-container wpforms-container-full wpforms-block wpforms-block-9ca2e935-245a-4290-a158-6763fd4dab2a wpforms-render-modern\" id=\"wpforms-51\"><form id=\"wpforms-form-51\" class=\"wpforms-validate wpforms-form wpforms-ajax-form\" data-formid=\"51\" method=\"post\" enctype=\"multipart\/form-data\" action=\"\/index.php\/wp-json\/wp\/v2\/pages\/274\" data-token=\"73c6aa0cf880463df784e22226de4518\" data-token-time=\"1777729943\"><noscript class=\"wpforms-error-noscript\">Please enable JavaScript in your browser to complete this form.<\/noscript><div class=\"wpforms-hidden\" id=\"wpforms-error-noscript\">Please enable JavaScript in your browser to complete this form.<\/div><div class=\"wpforms-field-container\"><div id=\"wpforms-51-field_1-container\" class=\"wpforms-field wpforms-field-name\" data-field-id=\"1\"><fieldset><legend class=\"wpforms-field-label\">Nombre <span class=\"wpforms-required-label\" aria-hidden=\"true\">*<\/span><\/legend><div class=\"wpforms-field-row wpforms-field-medium\"><div class=\"wpforms-field-row-block wpforms-first wpforms-one-half\"><input type=\"text\" id=\"wpforms-51-field_1\" class=\"wpforms-field-name-first wpforms-field-required\" name=\"wpforms[fields][1][first]\" aria-errormessage=\"wpforms-51-field_1-error\" required><label for=\"wpforms-51-field_1\" class=\"wpforms-field-sublabel after\">First<\/label><\/div><div class=\"wpforms-field-row-block wpforms-one-half\"><input type=\"text\" id=\"wpforms-51-field_1-last\" class=\"wpforms-field-name-last wpforms-field-required\" name=\"wpforms[fields][1][last]\" aria-errormessage=\"wpforms-51-field_1-last-error\" required><label for=\"wpforms-51-field_1-last\" class=\"wpforms-field-sublabel after\">Last<\/label><\/div><\/div><\/fieldset><\/div><div id=\"wpforms-51-field_2-container\" class=\"wpforms-field wpforms-field-email\" data-field-id=\"2\"><label class=\"wpforms-field-label\" for=\"wpforms-51-field_2\">Correo Electr\u00f3nico <span class=\"wpforms-required-label\" aria-hidden=\"true\">*<\/span><\/label><input type=\"email\" id=\"wpforms-51-field_2\" class=\"wpforms-field-medium wpforms-field-required\" name=\"wpforms[fields][2]\" spellcheck=\"false\" aria-errormessage=\"wpforms-51-field_2-error\" required><\/div><div id=\"wpforms-51-field_3-container\" class=\"wpforms-field wpforms-field-textarea\" data-field-id=\"3\"><label class=\"wpforms-field-label\" for=\"wpforms-51-field_3\">\u00bfQue producto o servicio te interesa?<\/label><textarea id=\"wpforms-51-field_3\" class=\"wpforms-field-medium\" name=\"wpforms[fields][3]\" aria-errormessage=\"wpforms-51-field_3-error\" ><\/textarea><\/div><\/div><!-- .wpforms-field-container --><div class=\"wpforms-recaptcha-container wpforms-is-recaptcha wpforms-is-recaptcha-type-v3\" ><input type=\"hidden\" name=\"wpforms[recaptcha]\" value=\"\"><\/div><div class=\"wpforms-submit-container\" ><input type=\"hidden\" name=\"wpforms[id]\" value=\"51\"><input type=\"hidden\" name=\"page_title\" value=\"\"><input type=\"hidden\" name=\"page_url\" value=\"https:\/\/energy.servo.systems\/index.php\/wp-json\/wp\/v2\/pages\/274\"><input type=\"hidden\" name=\"url_referer\" value=\"\"><button type=\"submit\" name=\"wpforms[submit]\" id=\"wpforms-submit-51\" class=\"wpforms-submit\" data-alt-text=\"Sending...\" data-submit-text=\"Submit\" aria-live=\"assertive\" value=\"wpforms-submit\">Submit<\/button><img loading=\"lazy\" decoding=\"async\" src=\"https:\/\/energy.servo.systems\/wp-content\/plugins\/wpforms-lite\/assets\/images\/submit-spin.svg\" class=\"wpforms-submit-spinner\" style=\"display: none;\" width=\"26\" height=\"26\" alt=\"Loading\"><\/div><\/form><\/div>  <!-- .wpforms-container --><\/div>\n<\/div>\n<\/div>\n","protected":false},"excerpt":{"rendered":"<p>Las Mejores Estructuras para Paneles Solares a Tu Alcance Ponemos a tu disposici\u00f3n las estructuras m\u00e1s robustas y confiables para paneles solares, ideales para proyectos de cualquier escala. Nos comprometemos a ofrecer soluciones de alta calidad que aseguran la estabilidad y durabilidad de tu sistema fotovoltaico, maximizando su eficiencia y rendimiento a largo plazo. Con [&hellip;]<\/p>\n","protected":false},"author":1,"featured_media":0,"parent":0,"menu_order":0,"comment_status":"closed","ping_status":"closed","template":"","meta":{"_joinchat":[],"footnotes":""},"class_list":["post-274","page","type-page","status-publish","hentry"],"_links":{"self":[{"href":"https:\/\/energy.servo.systems\/index.php\/wp-json\/wp\/v2\/pages\/274","targetHints":{"allow":["GET"]}}],"collection":[{"href":"https:\/\/energy.servo.systems\/index.php\/wp-json\/wp\/v2\/pages"}],"about":[{"href":"https:\/\/energy.servo.systems\/index.php\/wp-json\/wp\/v2\/types\/page"}],"author":[{"embeddable":true,"href":"https:\/\/energy.servo.systems\/index.php\/wp-json\/wp\/v2\/users\/1"}],"replies":[{"embeddable":true,"href":"https:\/\/energy.servo.systems\/index.php\/wp-json\/wp\/v2\/comments?post=274"}],"version-history":[{"count":5,"href":"https:\/\/energy.servo.systems\/index.php\/wp-json\/wp\/v2\/pages\/274\/revisions"}],"predecessor-version":[{"id":288,"href":"https:\/\/energy.servo.systems\/index.php\/wp-json\/wp\/v2\/pages\/274\/revisions\/288"}],"wp:attachment":[{"href":"https:\/\/energy.servo.systems\/index.php\/wp-json\/wp\/v2\/media?parent=274"}],"curies":[{"name":"wp","href":"https:\/\/api.w.org\/{rel}","templated":true}]}}