{"id":254,"date":"2025-01-06T02:03:21","date_gmt":"2025-01-06T02:03:21","guid":{"rendered":"https:\/\/energy.servo.systems\/?page_id=254"},"modified":"2025-01-06T02:53:46","modified_gmt":"2025-01-06T02:53:46","slug":"microinversores-solares","status":"publish","type":"page","link":"https:\/\/energy.servo.systems\/index.php\/microinversores-solares\/","title":{"rendered":"Microinversores solares"},"content":{"rendered":"\n<div class=\"wp-block-group alignfull has-global-padding is-layout-constrained wp-container-core-group-is-layout-0c9c989a wp-block-group-is-layout-constrained\" style=\"min-height:0vh;margin-top:0;margin-bottom:0;padding-top:var(--wp--preset--spacing--70);padding-right:var(--wp--preset--spacing--40);padding-bottom:var(--wp--preset--spacing--70);padding-left:var(--wp--preset--spacing--40)\">\n<div class=\"wp-block-group has-global-padding is-layout-constrained wp-container-core-group-is-layout-346627ba wp-block-group-is-layout-constrained\">\n<h2 class=\"wp-block-heading has-text-align-center has-xx-large-font-size\" style=\"margin-right:0;margin-left:0;padding-right:0;padding-left:0\"><strong><strong>Las Mejores Marcas de Microinversores Solares a Tu Alcance<\/strong><\/strong><\/h2>\n\n\n\n<p class=\"has-text-align-center\">Te ofrecemos las marcas m\u00e1s reconocidas y confiables de microinversores solares a nivel mundial, perfectas para proyectos de cualquier escala. Nos comprometemos a proporcionar soluciones avanzadas que maximizan la eficiencia y fiabilidad de tu sistema fotovoltaico, asegurando un rendimiento superior y una larga vida \u00fatil. Con nuestros microinversores, optimizamos la producci\u00f3n de energ\u00eda de cada panel individualmente, brindando la mejor experiencia y satisfacci\u00f3n para nuestros clientes.<\/p>\n<\/div>\n<\/div>\n\n\n\n<div class=\"wp-block-group alignfull is-style-default has-global-padding is-layout-constrained wp-block-group-is-layout-constrained\" style=\"margin-top:0;margin-bottom:0;padding-top:var(--wp--preset--spacing--80);padding-bottom:var(--wp--preset--spacing--80)\">\n<div class=\"wp-block-columns alignwide is-layout-flex wp-container-core-columns-is-layout-66fad18a wp-block-columns-is-layout-flex\">\n<div class=\"wp-block-column is-layout-flow wp-block-column-is-layout-flow\" style=\"padding-right:var(--wp--preset--spacing--50);flex-basis:45%\">\n<figure class=\"wp-block-image size-full\"><img loading=\"lazy\" decoding=\"async\" width=\"454\" height=\"299\" src=\"https:\/\/energy.servo.systems\/wp-content\/uploads\/2025\/01\/microinversor.webp\" alt=\"\" class=\"wp-image-263\" srcset=\"https:\/\/energy.servo.systems\/wp-content\/uploads\/2025\/01\/microinversor.webp 454w, https:\/\/energy.servo.systems\/wp-content\/uploads\/2025\/01\/microinversor-300x198.webp 300w\" sizes=\"auto, (max-width: 454px) 100vw, 454px\" \/><\/figure>\n\n\n\n<div class=\"wp-block-group has-global-padding is-layout-constrained wp-block-group-is-layout-constrained\" style=\"margin-top:-12vw\">\n<figure class=\"wp-block-image alignright size-full is-resized\" style=\"margin-right:-5vw;margin-left:-5vw\"><img loading=\"lazy\" decoding=\"async\" width=\"870\" height=\"500\" src=\"https:\/\/energy.servo.systems\/wp-content\/uploads\/2025\/01\/microinversor-solar-para-que-sirve-y-como-funciona-portada.jpg\" alt=\"\" class=\"wp-image-245\" style=\"width:202px\" srcset=\"https:\/\/energy.servo.systems\/wp-content\/uploads\/2025\/01\/microinversor-solar-para-que-sirve-y-como-funciona-portada.jpg 870w, https:\/\/energy.servo.systems\/wp-content\/uploads\/2025\/01\/microinversor-solar-para-que-sirve-y-como-funciona-portada-300x172.jpg 300w, https:\/\/energy.servo.systems\/wp-content\/uploads\/2025\/01\/microinversor-solar-para-que-sirve-y-como-funciona-portada-768x441.jpg 768w\" sizes=\"auto, (max-width: 870px) 100vw, 870px\" \/><\/figure>\n<\/div>\n<\/div>\n\n\n\n<div class=\"wp-block-column is-vertically-aligned-center is-layout-flow wp-block-column-is-layout-flow\" style=\"padding-right:0;padding-left:0;flex-basis:50%\">\n<div class=\"wp-block-group is-vertical is-layout-flex wp-container-core-group-is-layout-fe9cc265 wp-block-group-is-layout-flex\">\n<h2 class=\"wp-block-heading has-text-align-center has-xx-large-font-size\" style=\"margin-right:0;margin-left:0;padding-right:0;padding-left:0\"><strong><strong><strong>\u00bfPor qu\u00e9 necesitas un microinversor solar?<\/strong><\/strong><\/strong><\/h2>\n\n\n\n<p class=\"has-text-align-center\">El microinversor solar es un componente clave en cualquier sistema fotovoltaico, optimizando el rendimiento de cada panel individualmente. Su principal funci\u00f3n es convertir la energ\u00eda generada por los paneles solares, que se produce en corriente continua (DC), en corriente alterna (AC), la forma de energ\u00eda utilizada por la mayor\u00eda de los equipos el\u00e9ctricos. Adem\u00e1s, los microinversores monitorean el rendimiento de cada panel, maximizan la eficiencia energ\u00e9tica del sistema y protegen contra posibles fallos o fluctuaciones el\u00e9ctricas, garantizando una operaci\u00f3n m\u00e1s confiable y eficiente.<\/p>\n<\/div>\n\n\n\n<p class=\"is-style-text-subtitle is-style-text-subtitle--1\"><strong>Conf\u00eda<\/strong> en nosotros para proporcionarte los mejores inversores del mercado, dise\u00f1ados para impulsar la eficiencia de tus proyectos solares mientras optimizas tus costos y aumentas la rentabilidad.<\/p>\n<\/div>\n<\/div>\n<\/div>\n\n\n\n<div class=\"wp-block-group alignfull has-global-padding is-layout-constrained wp-container-core-group-is-layout-ebee8dc1 wp-block-group-is-layout-constrained\" style=\"margin-top:0;margin-bottom:0;padding-top:var(--wp--preset--spacing--50);padding-bottom:var(--wp--preset--spacing--50)\">\n<h2 class=\"wp-block-heading alignwide\">Nuestros servicios<\/h2>\n\n\n\n<div class=\"wp-block-columns alignwide is-layout-flex wp-container-core-columns-is-layout-28f84493 wp-block-columns-is-layout-flex\">\n<div class=\"wp-block-column is-layout-flow wp-block-column-is-layout-flow\">\n<figure class=\"wp-block-image size-full\" style=\"margin-bottom:24px\"><img loading=\"lazy\" decoding=\"async\" width=\"940\" height=\"788\" src=\"https:\/\/energy.servo.systems\/wp-content\/uploads\/2025\/01\/DisenoInvesor.png\" alt=\"\" class=\"wp-image-221\" style=\"aspect-ratio:4\/3;object-fit:cover\" srcset=\"https:\/\/energy.servo.systems\/wp-content\/uploads\/2025\/01\/DisenoInvesor.png 940w, https:\/\/energy.servo.systems\/wp-content\/uploads\/2025\/01\/DisenoInvesor-300x251.png 300w, https:\/\/energy.servo.systems\/wp-content\/uploads\/2025\/01\/DisenoInvesor-768x644.png 768w\" sizes=\"auto, (max-width: 940px) 100vw, 940px\" \/><\/figure>\n\n\n\n<h3 class=\"wp-block-heading\"><strong>Dise\u00f1o<\/strong><\/h3>\n\n\n\n<p class=\"has-medium-font-size\">Dise\u00f1amos sistemas con microinversores para maximizar la eficiencia y asegurar la compatibilidad, optimizando el rendimiento energ\u00e9tico.<\/p>\n<\/div>\n\n\n\n<div class=\"wp-block-column is-layout-flow wp-block-column-is-layout-flow\">\n<figure class=\"wp-block-image size-full\" style=\"margin-bottom:24px\"><img loading=\"lazy\" decoding=\"async\" width=\"940\" height=\"788\" src=\"https:\/\/energy.servo.systems\/wp-content\/uploads\/2025\/01\/ImplementacionInversor.png\" alt=\"\" class=\"wp-image-223\" style=\"aspect-ratio:4\/3;object-fit:cover\" srcset=\"https:\/\/energy.servo.systems\/wp-content\/uploads\/2025\/01\/ImplementacionInversor.png 940w, https:\/\/energy.servo.systems\/wp-content\/uploads\/2025\/01\/ImplementacionInversor-300x251.png 300w, https:\/\/energy.servo.systems\/wp-content\/uploads\/2025\/01\/ImplementacionInversor-768x644.png 768w\" sizes=\"auto, (max-width: 940px) 100vw, 940px\" \/><\/figure>\n\n\n\n<h3 class=\"wp-block-heading\"><strong>Implementaci\u00f3n<\/strong><\/h3>\n\n\n\n<p class=\"has-medium-font-size\">Instalamos microinversores con precisi\u00f3n, garantizando un funcionamiento independiente y eficiente de cada panel.<\/p>\n<\/div>\n\n\n\n<div class=\"wp-block-column is-layout-flow wp-block-column-is-layout-flow\">\n<figure class=\"wp-block-image size-full\" style=\"margin-bottom:24px\"><img loading=\"lazy\" decoding=\"async\" width=\"940\" height=\"788\" src=\"https:\/\/energy.servo.systems\/wp-content\/uploads\/2025\/01\/Paneles-Instalados.png\" alt=\"\" class=\"wp-image-107\" style=\"aspect-ratio:4\/3;object-fit:cover\" srcset=\"https:\/\/energy.servo.systems\/wp-content\/uploads\/2025\/01\/Paneles-Instalados.png 940w, https:\/\/energy.servo.systems\/wp-content\/uploads\/2025\/01\/Paneles-Instalados-300x251.png 300w, https:\/\/energy.servo.systems\/wp-content\/uploads\/2025\/01\/Paneles-Instalados-768x644.png 768w\" sizes=\"auto, (max-width: 940px) 100vw, 940px\" \/><\/figure>\n\n\n\n<h3 class=\"wp-block-heading\"><strong>Entrega funcionando<\/strong><\/h3>\n\n\n\n<p class=\"has-medium-font-size\">Entregamos sistemas listos para operar, optimizando la energ\u00eda y superando expectativas desde el primer d\u00eda.<\/p>\n<\/div>\n<\/div>\n<\/div>\n\n\n\n<h2 class=\"wp-block-heading has-text-align-center has-xx-large-font-size\" style=\"margin-right:0;margin-left:0;padding-right:0;padding-left:0\"><strong> Micro Inversores Solares <\/strong><\/h2>\n\n\n\n<div class=\"wp-block-columns alignwide is-layout-flex wp-container-core-columns-is-layout-28f84493 wp-block-columns-is-layout-flex\">\n<div class=\"wp-block-column is-layout-flow wp-block-column-is-layout-flow\">\n<figure class=\"wp-block-image size-full\" style=\"margin-bottom:24px\"><img loading=\"lazy\" decoding=\"async\" width=\"150\" height=\"150\" src=\"https:\/\/energy.servo.systems\/wp-content\/uploads\/2025\/01\/APsystems-1600b-150x150-1.png\" alt=\"\" class=\"wp-image-289\" style=\"aspect-ratio:4\/3;object-fit:cover\"\/><\/figure>\n\n\n\n<h3 class=\"wp-block-heading\"><strong>Microinversor DS3D<\/strong><\/h3>\n\n\n\n<p class=\"has-medium-font-size\">El microinversor DS3D de APsystems alcanza 2000W, con 2 MPPT independientes y una eficiencia del 97%. Su dise\u00f1o compacto y componentes encapsulados mejoran la fiabilidad, disipaci\u00f3n t\u00e9rmica y resistencia al agua. Permite diagn\u00f3stico y mantenimiento remoto 24\/7, revolucionando la energ\u00eda fotovoltaica residencial y comercial con un 20% menos de componentes.<\/p>\n\n\n\n<p><a href=\"https:\/\/energy.servo.systems\/wp-content\/uploads\/2025\/01\/FT-APSYSTEM-MICROINVERTER-DS3D-2000W.pdf\" data-type=\"attachment\" data-id=\"291\" target=\"_blank\" rel=\"noreferrer noopener\"><strong>Consulta la ficha t\u00e9cnica<\/strong><\/a><\/p>\n<\/div>\n\n\n\n<div class=\"wp-block-column is-layout-flow wp-block-column-is-layout-flow\">\n<figure class=\"wp-block-image size-full\" style=\"margin-bottom:24px\"><img loading=\"lazy\" decoding=\"async\" width=\"150\" height=\"150\" src=\"https:\/\/energy.servo.systems\/wp-content\/uploads\/2025\/01\/APsystems-1600b-150x150-1.png\" alt=\"\" class=\"wp-image-289\" style=\"aspect-ratio:4\/3;object-fit:cover\"\/><\/figure>\n\n\n\n<h3 class=\"wp-block-heading\"><strong><strong>APsystems YC600B<\/strong><\/strong><\/h3>\n\n\n\n<p class=\"has-medium-font-size\">El YC600B est\u00e1 dise\u00f1ado para adaptarse a paneles fotovoltaicos de alto rendimiento, ofreciendo una potencia m\u00e1xima de 375VA por canal. Compatible con m\u00f3dulos de 60 y 72 celdas, cuenta con MPPT duales e independientes por panel y un rango de voltaje MPPT m\u00e1s amplio, lo que garantiza una mayor cosecha de energ\u00eda y cumple con los est\u00e1ndares de red m\u00e1s recientes.<\/p>\n\n\n\n<p><a href=\"https:\/\/energy.servo.systems\/wp-content\/uploads\/2025\/01\/FT-APSYSTEM-MICROINVERTER-DS3D-2000W.pdf\" data-type=\"attachment\" data-id=\"291\" target=\"_blank\" rel=\"noreferrer noopener\"><strong>Consulta la ficha <\/strong><\/a><strong><a href=\"https:\/\/energy.servo.systems\/wp-content\/uploads\/2025\/01\/FT-YC600B-750W.pdf\" data-type=\"attachment\" data-id=\"295\" target=\"_blank\" rel=\"noreferrer noopener\">t\u00e9cnica<\/a><\/strong><\/p>\n<\/div>\n<\/div>\n\n\n\n<figure class=\"wp-block-image size-full\"><img loading=\"lazy\" decoding=\"async\" width=\"768\" height=\"246\" src=\"https:\/\/energy.servo.systems\/wp-content\/uploads\/2025\/01\/APsystems-logo-primary-white-768x246-1.png\" alt=\"\" class=\"wp-image-266\" srcset=\"https:\/\/energy.servo.systems\/wp-content\/uploads\/2025\/01\/APsystems-logo-primary-white-768x246-1.png 768w, https:\/\/energy.servo.systems\/wp-content\/uploads\/2025\/01\/APsystems-logo-primary-white-768x246-1-300x96.png 300w\" sizes=\"auto, (max-width: 768px) 100vw, 768px\" \/><\/figure>\n\n\n\n<div class=\"wp-block-columns is-layout-flex wp-container-core-columns-is-layout-28f84493 wp-block-columns-is-layout-flex\">\n<div class=\"wp-block-column is-layout-flow wp-block-column-is-layout-flow\" style=\"flex-basis:100em\">\n<p class=\"has-text-align-center is-style-text-display is-style-text-display--2\"><strong>\u00bfTienes preguntas?<\/strong> <br><a href=\"https:\/\/energy.servo.systems\/index.php\/contact-us\/\" data-type=\"page\" data-id=\"54\" rel=\"nofollow\">\u00a1Estamos aqu\u00ed para ayudarte!<\/a><\/p>\n\n\n\n<div class=\"wp-block-joinchat-button joinchat-button--qr-both has-border-color\" style=\"border-color:#25d366;border-style:solid;border-width:6px;border-radius:30px\"><figure><figcaption>Scan the code<\/figcaption><a class=\"joinchat-button__qr has-border-color\" style=\"border-color:#25d366;border-style:solid;border-width:6px;border-radius:30px\" href=\"#whatsapp\"><\/a><\/figure><a class=\"wp-block-button__link joinchat-button__link has-ffffff-color has-text-color has-background has-border-color\" style=\"border-color:#25d366;border-style:solid;border-width:6px;border-radius:30px;background-color:#25d366\" href=\"#whatsapp\"><span><strong>Open Chat<\/strong><\/span><\/a><\/div>\n\n\n\n<div class=\"wp-block-group has-global-padding is-layout-constrained wp-block-group-is-layout-constrained\"><div class=\"wpforms-container wpforms-container-full wpforms-block wpforms-block-9ca2e935-245a-4290-a158-6763fd4dab2a wpforms-render-modern\" id=\"wpforms-51\"><form id=\"wpforms-form-51\" class=\"wpforms-validate wpforms-form wpforms-ajax-form\" data-formid=\"51\" method=\"post\" enctype=\"multipart\/form-data\" action=\"\/index.php\/wp-json\/wp\/v2\/pages\/254\" data-token=\"73c6aa0cf880463df784e22226de4518\" data-token-time=\"1777729949\"><noscript class=\"wpforms-error-noscript\">Please enable JavaScript in your browser to complete this form.<\/noscript><div class=\"wpforms-hidden\" id=\"wpforms-error-noscript\">Please enable JavaScript in your browser to complete this form.<\/div><div class=\"wpforms-field-container\"><div id=\"wpforms-51-field_1-container\" class=\"wpforms-field wpforms-field-name\" data-field-id=\"1\"><fieldset><legend class=\"wpforms-field-label\">Nombre <span class=\"wpforms-required-label\" aria-hidden=\"true\">*<\/span><\/legend><div class=\"wpforms-field-row wpforms-field-medium\"><div class=\"wpforms-field-row-block wpforms-first wpforms-one-half\"><input type=\"text\" id=\"wpforms-51-field_1\" class=\"wpforms-field-name-first wpforms-field-required\" name=\"wpforms[fields][1][first]\" aria-errormessage=\"wpforms-51-field_1-error\" required><label for=\"wpforms-51-field_1\" class=\"wpforms-field-sublabel after\">First<\/label><\/div><div class=\"wpforms-field-row-block wpforms-one-half\"><input type=\"text\" id=\"wpforms-51-field_1-last\" class=\"wpforms-field-name-last wpforms-field-required\" name=\"wpforms[fields][1][last]\" aria-errormessage=\"wpforms-51-field_1-last-error\" required><label for=\"wpforms-51-field_1-last\" class=\"wpforms-field-sublabel after\">Last<\/label><\/div><\/div><\/fieldset><\/div><div id=\"wpforms-51-field_2-container\" class=\"wpforms-field wpforms-field-email\" data-field-id=\"2\"><label class=\"wpforms-field-label\" for=\"wpforms-51-field_2\">Correo Electr\u00f3nico <span class=\"wpforms-required-label\" aria-hidden=\"true\">*<\/span><\/label><input type=\"email\" id=\"wpforms-51-field_2\" class=\"wpforms-field-medium wpforms-field-required\" name=\"wpforms[fields][2]\" spellcheck=\"false\" aria-errormessage=\"wpforms-51-field_2-error\" required><\/div><div id=\"wpforms-51-field_3-container\" class=\"wpforms-field wpforms-field-textarea\" data-field-id=\"3\"><label class=\"wpforms-field-label\" for=\"wpforms-51-field_3\">\u00bfQue producto o servicio te interesa?<\/label><textarea id=\"wpforms-51-field_3\" class=\"wpforms-field-medium\" name=\"wpforms[fields][3]\" aria-errormessage=\"wpforms-51-field_3-error\" ><\/textarea><\/div><\/div><!-- .wpforms-field-container --><div class=\"wpforms-recaptcha-container wpforms-is-recaptcha wpforms-is-recaptcha-type-v3\" ><input type=\"hidden\" name=\"wpforms[recaptcha]\" value=\"\"><\/div><div class=\"wpforms-submit-container\" ><input type=\"hidden\" name=\"wpforms[id]\" value=\"51\"><input type=\"hidden\" name=\"page_title\" value=\"\"><input type=\"hidden\" name=\"page_url\" value=\"https:\/\/energy.servo.systems\/index.php\/wp-json\/wp\/v2\/pages\/254\"><input type=\"hidden\" name=\"url_referer\" value=\"\"><button type=\"submit\" name=\"wpforms[submit]\" id=\"wpforms-submit-51\" class=\"wpforms-submit\" data-alt-text=\"Sending...\" data-submit-text=\"Submit\" aria-live=\"assertive\" value=\"wpforms-submit\">Submit<\/button><img loading=\"lazy\" decoding=\"async\" src=\"https:\/\/energy.servo.systems\/wp-content\/plugins\/wpforms-lite\/assets\/images\/submit-spin.svg\" class=\"wpforms-submit-spinner\" style=\"display: none;\" width=\"26\" height=\"26\" alt=\"Loading\"><\/div><\/form><\/div>  <!-- .wpforms-container --><\/div>\n<\/div>\n<\/div>\n","protected":false},"excerpt":{"rendered":"<p>Las Mejores Marcas de Microinversores Solares a Tu Alcance Te ofrecemos las marcas m\u00e1s reconocidas y confiables de microinversores solares a nivel mundial, perfectas para proyectos de cualquier escala. Nos comprometemos a proporcionar soluciones avanzadas que maximizan la eficiencia y fiabilidad de tu sistema fotovoltaico, asegurando un rendimiento superior y una larga vida \u00fatil. Con [&hellip;]<\/p>\n","protected":false},"author":1,"featured_media":0,"parent":0,"menu_order":0,"comment_status":"closed","ping_status":"closed","template":"","meta":{"_joinchat":[],"footnotes":""},"class_list":["post-254","page","type-page","status-publish","hentry"],"_links":{"self":[{"href":"https:\/\/energy.servo.systems\/index.php\/wp-json\/wp\/v2\/pages\/254","targetHints":{"allow":["GET"]}}],"collection":[{"href":"https:\/\/energy.servo.systems\/index.php\/wp-json\/wp\/v2\/pages"}],"about":[{"href":"https:\/\/energy.servo.systems\/index.php\/wp-json\/wp\/v2\/types\/page"}],"author":[{"embeddable":true,"href":"https:\/\/energy.servo.systems\/index.php\/wp-json\/wp\/v2\/users\/1"}],"replies":[{"embeddable":true,"href":"https:\/\/energy.servo.systems\/index.php\/wp-json\/wp\/v2\/comments?post=254"}],"version-history":[{"count":14,"href":"https:\/\/energy.servo.systems\/index.php\/wp-json\/wp\/v2\/pages\/254\/revisions"}],"predecessor-version":[{"id":299,"href":"https:\/\/energy.servo.systems\/index.php\/wp-json\/wp\/v2\/pages\/254\/revisions\/299"}],"wp:attachment":[{"href":"https:\/\/energy.servo.systems\/index.php\/wp-json\/wp\/v2\/media?parent=254"}],"curies":[{"name":"wp","href":"https:\/\/api.w.org\/{rel}","templated":true}]}}