{"id":177,"date":"2025-01-05T22:30:18","date_gmt":"2025-01-05T22:30:18","guid":{"rendered":"https:\/\/energy.servo.systems\/?page_id=177"},"modified":"2025-01-06T00:11:02","modified_gmt":"2025-01-06T00:11:02","slug":"seraphim-paneles-solares-de-alto-rendimiento","status":"publish","type":"page","link":"https:\/\/energy.servo.systems\/index.php\/seraphim-paneles-solares-de-alto-rendimiento\/","title":{"rendered":"Seraphim: Paneles Solares de Alto Rendimiento"},"content":{"rendered":"\n<div class=\"wp-block-group alignfull has-global-padding is-layout-constrained wp-block-group-is-layout-constrained\" style=\"margin-top:0;margin-bottom:0;padding-top:var(--wp--preset--spacing--50);padding-bottom:var(--wp--preset--spacing--50)\">\n<div class=\"wp-block-columns alignwide is-layout-flex wp-container-core-columns-is-layout-47c06fe3 wp-block-columns-is-layout-flex\">\n<div class=\"wp-block-column is-layout-flow wp-block-column-is-layout-flow\" style=\"flex-basis:56%\">\n<figure class=\"wp-block-image size-full\"><img loading=\"lazy\" decoding=\"async\" width=\"940\" height=\"788\" src=\"https:\/\/energy.servo.systems\/wp-content\/uploads\/2025\/01\/Instalador-Paneles.png\" alt=\"\" class=\"wp-image-105\" style=\"aspect-ratio:1;object-fit:cover\" srcset=\"https:\/\/energy.servo.systems\/wp-content\/uploads\/2025\/01\/Instalador-Paneles.png 940w, https:\/\/energy.servo.systems\/wp-content\/uploads\/2025\/01\/Instalador-Paneles-300x251.png 300w, https:\/\/energy.servo.systems\/wp-content\/uploads\/2025\/01\/Instalador-Paneles-768x644.png 768w\" sizes=\"auto, (max-width: 940px) 100vw, 940px\" \/><\/figure>\n<\/div>\n\n\n\n<div class=\"wp-block-column is-vertically-aligned-center is-layout-flow wp-container-core-column-is-layout-119bc444 wp-block-column-is-layout-flow\">\n<h2 class=\"wp-block-heading\"><strong>Innovaci\u00f3n en la Fabricaci\u00f3n de Paneles Fotovoltaicos<\/strong><\/h2>\n\n\n\n<p>Seraphim Solar, fundada en 2011, es una destacada empresa china que ha consolidado su posici\u00f3n como uno de los principales fabricantes de paneles solares a nivel mundial. Reconocida por su compromiso con la innovaci\u00f3n, Seraphim ha redefinido los est\u00e1ndares de eficiencia al integrar obleas de silicio de 182 mm con tecnolog\u00edas avanzadas de barras m\u00faltiples y celdas de medio corte en su serie de m\u00f3dulos de alta eficiencia.<\/p>\n\n\n\n<p>Gracias a su enfoque en tecnolog\u00eda de vanguardia, Seraphim ha logrado combinar creatividad y funcionalidad, alcanzando niveles superiores de eficiencia en m\u00f3dulos y una potencia de salida excepcional. Su liderazgo en el sector fotovoltaico refleja su visi\u00f3n de ofrecer soluciones energ\u00e9ticas sostenibles y de alto rendimiento para un futuro m\u00e1s limpio.<\/p>\n<\/div>\n<\/div>\n<\/div>\n\n\n\n<div class=\"wp-block-group alignfull has-global-padding is-layout-constrained wp-block-group-is-layout-constrained\" style=\"margin-top:0;margin-bottom:0;padding-top:var(--wp--preset--spacing--50);padding-bottom:var(--wp--preset--spacing--50)\">\n<div class=\"wp-block-group alignwide is-layout-grid wp-container-core-group-is-layout-840b37f5 wp-block-group-is-layout-grid\">\n<div class=\"wp-block-group is-vertical is-layout-flex wp-container-core-group-is-layout-d6b9ab57 wp-block-group-is-layout-flex\">\n<h2 class=\"wp-block-heading has-x-large-font-size\">Modelos<\/h2>\n<\/div>\n\n\n\n<div class=\"wp-block-group is-vertical is-content-justification-stretch is-layout-flex wp-container-core-group-is-layout-353c4f5a wp-block-group-is-layout-flex\">\n<div class=\"wp-block-cover is-light\"><span aria-hidden=\"true\" class=\"wp-block-cover__background has-background-dim-0 has-background-dim\" style=\"background-color:#833d3a\"><\/span><img loading=\"lazy\" decoding=\"async\" width=\"367\" height=\"512\" class=\"wp-block-cover__image-background wp-image-196\" alt=\"\" src=\"https:\/\/energy.servo.systems\/wp-content\/uploads\/2025\/01\/seraphim-panel.png\" data-object-fit=\"cover\" srcset=\"https:\/\/energy.servo.systems\/wp-content\/uploads\/2025\/01\/seraphim-panel.png 367w, https:\/\/energy.servo.systems\/wp-content\/uploads\/2025\/01\/seraphim-panel-215x300.png 215w\" sizes=\"auto, (max-width: 367px) 100vw, 367px\" \/><div class=\"wp-block-cover__inner-container has-global-padding is-layout-constrained wp-block-cover-is-layout-constrained\">\n<div style=\"height:var(--wp--preset--spacing--20)\" aria-hidden=\"true\" class=\"wp-block-spacer\"><\/div>\n<\/div><\/div>\n\n\n\n<p class=\"has-text-align-center\"><a href=\"https:\/\/energy.servo.systems\/wp-content\/uploads\/2025\/01\/SRP-540-555-BMA-HV_182_EN.pdf\" data-type=\"attachment\" data-id=\"203\">Panel Modelo: SRP 540 W \u2013 555 W<\/a><\/p>\n\n\n\n<p class=\"has-text-align-center\"><a href=\"https:\/\/energy.servo.systems\/wp-content\/uploads\/2025\/01\/SRP-540-555-BMA-HV_182_EN.pdf\" data-type=\"attachment\" data-id=\"203\" target=\"_blank\" rel=\"noreferrer noopener\"><strong>Consulta la ficha t\u00e9cnica<\/strong><\/a><br><\/p>\n<\/div>\n\n\n\n<div class=\"wp-block-group is-vertical is-content-justification-stretch is-layout-flex wp-container-core-group-is-layout-353c4f5a wp-block-group-is-layout-flex\">\n<p>Seraphim ha redefinido los m\u00f3dulos de alta eficiencia integrando obleas de silicio de 182 mm con tecnolog\u00edas de barras m\u00faltiples y celdas de medio corte, logrando una mejora significativa en la eficiencia y potencia de los m\u00f3dulos.<\/p>\n\n\n\n<p><strong>Caracter\u00edsticas principales:<\/strong><\/p>\n\n\n\n<p>\u2022 <strong>Mayor potencia:<\/strong>&nbsp;Menor desajuste para maximizar la energ\u00eda generada.<\/p>\n\n\n\n<p>\u2022 <strong>Menor p\u00e9rdida de energ\u00eda:<\/strong>&nbsp;Minimizaci\u00f3n del impacto por sombreado.<\/p>\n\n\n\n<p>\u2022 <strong>Rendimiento competitivo en baja luz:<\/strong>&nbsp;Ideal para diversas condiciones.<\/p>\n\n\n\n<p>\u2022 <strong>Control de calidad superior:<\/strong>&nbsp;Tres pruebas EL para garantizar la mejor calidad.<\/p>\n\n\n\n<p>\u2022 <strong>Proyectos comerciales y de servicios p\u00fablicos:<\/strong>&nbsp;Reducci\u00f3n de costos (BoS) y mejora del retorno de inversi\u00f3n (ROI).<\/p>\n\n\n\n<p>\u2022 <strong>Fiabilidad comprobada:<\/strong>&nbsp;Certificaci\u00f3n PVEL para condiciones ambientales extremas (arena, \u00e1cido, sal, granizo).<\/p>\n\n\n\n<p>\u2022 <strong>Resistencia extrema:<\/strong>&nbsp;Soporta cargas de viento de 2400 Pa y de nieve de 5400 Pa.<\/p>\n\n\n\n<p>\u2022 <strong>Protecci\u00f3n anti-PID:<\/strong>&nbsp;Para una mayor durabilidad y desempe\u00f1o.<\/p>\n\n\n\n<p><a href=\"https:\/\/energy.servo.systems\/wp-content\/uploads\/2025\/01\/SRP-540-555-BMA-HV_182_EN.pdf\" data-type=\"attachment\" data-id=\"203\" target=\"_blank\" rel=\"noreferrer noopener\"><strong>Consulta la ficha t\u00e9cnica<\/strong><\/a><br><\/p>\n<\/div>\n<\/div>\n<\/div>\n\n\n\n<div class=\"wp-block-cover alignfull is-light has-custom-content-position is-position-bottom-center\" style=\"margin-top:0;margin-bottom:0;padding-top:var(--wp--preset--spacing--50);padding-right:var(--wp--preset--spacing--50);padding-bottom:var(--wp--preset--spacing--50);padding-left:var(--wp--preset--spacing--50);min-height:840px;aspect-ratio:unset;\"><span aria-hidden=\"true\" class=\"wp-block-cover__background has-background-dim-10 has-background-dim\"><\/span><video class=\"wp-block-cover__video-background intrinsic-ignore\" autoplay muted loop playsinline src=\"https:\/\/energy.servo.systems\/wp-content\/uploads\/2025\/01\/PanelesBrillando.mp4\" data-object-fit=\"cover\"><\/video><div class=\"wp-block-cover__inner-container has-global-padding is-layout-constrained wp-container-core-cover-is-layout-d89aad35 wp-block-cover-is-layout-constrained\">\n<div class=\"wp-block-group alignwide has-global-padding is-content-justification-left is-layout-constrained wp-container-core-group-is-layout-12dd3699 wp-block-group-is-layout-constrained\">\n<h2 class=\"wp-block-heading has-text-align-left has-base-color has-text-color has-background has-link-color has-xx-large-font-size wp-elements-b81d693d06cf56aab6329a7b924b42d1\" style=\"background-color:#00c3ff3b\"><strong><strong>Ahorros de Energ\u00eda<\/strong><\/strong><\/h2>\n\n\n\n<p class=\"has-base-color has-text-color has-background has-link-color wp-elements-8feaef9a43ff398dad8513aeba91a769\" style=\"background-color:#19bbf861\"><strong><br>Como el sol que impulsa el d\u00eda, la energ\u00eda solar potencia tu negocio, ofreciendo sostenibilidad, ahorro y un futuro m\u00e1s rentable.<\/strong><\/p>\n<\/div>\n<\/div><\/div>\n\n\n\n<div class=\"wp-block-columns is-layout-flex wp-container-core-columns-is-layout-28f84493 wp-block-columns-is-layout-flex\">\n<div class=\"wp-block-column is-layout-flow wp-block-column-is-layout-flow\" style=\"flex-basis:100em\">\n<p class=\"has-text-align-center is-style-text-display is-style-text-display--1\"><strong>\u00bfTienes preguntas?<\/strong> <br><a href=\"https:\/\/energy.servo.systems\/index.php\/contact-us\/\" data-type=\"page\" data-id=\"54\" rel=\"nofollow\">\u00a1Estamos aqu\u00ed para ayudarte!<\/a><\/p>\n\n\n\n<div class=\"wp-block-joinchat-button joinchat-button--qr-both has-border-color\" style=\"border-color:#25d366;border-style:solid;border-width:6px;border-radius:30px\"><figure><figcaption>Scan the code<\/figcaption><a class=\"joinchat-button__qr has-border-color\" style=\"border-color:#25d366;border-style:solid;border-width:6px;border-radius:30px\" href=\"#whatsapp\"><\/a><\/figure><a class=\"wp-block-button__link joinchat-button__link has-ffffff-color has-text-color has-background has-border-color\" style=\"border-color:#25d366;border-style:solid;border-width:6px;border-radius:30px;background-color:#25d366\" href=\"#whatsapp\"><span><strong>Open Chat<\/strong><\/span><\/a><\/div>\n\n\n\n<div class=\"wp-block-group has-global-padding is-layout-constrained wp-block-group-is-layout-constrained\"><div class=\"wpforms-container wpforms-container-full wpforms-block wpforms-block-9ca2e935-245a-4290-a158-6763fd4dab2a wpforms-render-modern\" id=\"wpforms-51\"><form id=\"wpforms-form-51\" class=\"wpforms-validate wpforms-form wpforms-ajax-form\" data-formid=\"51\" method=\"post\" enctype=\"multipart\/form-data\" action=\"\/index.php\/wp-json\/wp\/v2\/pages\/177\" data-token=\"73c6aa0cf880463df784e22226de4518\" data-token-time=\"1777736286\"><noscript class=\"wpforms-error-noscript\">Please enable JavaScript in your browser to complete this form.<\/noscript><div class=\"wpforms-hidden\" id=\"wpforms-error-noscript\">Please enable JavaScript in your browser to complete this form.<\/div><div class=\"wpforms-field-container\"><div id=\"wpforms-51-field_1-container\" class=\"wpforms-field wpforms-field-name\" data-field-id=\"1\"><fieldset><legend class=\"wpforms-field-label\">Nombre <span class=\"wpforms-required-label\" aria-hidden=\"true\">*<\/span><\/legend><div class=\"wpforms-field-row wpforms-field-medium\"><div class=\"wpforms-field-row-block wpforms-first wpforms-one-half\"><input type=\"text\" id=\"wpforms-51-field_1\" class=\"wpforms-field-name-first wpforms-field-required\" name=\"wpforms[fields][1][first]\" aria-errormessage=\"wpforms-51-field_1-error\" required><label for=\"wpforms-51-field_1\" class=\"wpforms-field-sublabel after\">First<\/label><\/div><div class=\"wpforms-field-row-block wpforms-one-half\"><input type=\"text\" id=\"wpforms-51-field_1-last\" class=\"wpforms-field-name-last wpforms-field-required\" name=\"wpforms[fields][1][last]\" aria-errormessage=\"wpforms-51-field_1-last-error\" required><label for=\"wpforms-51-field_1-last\" class=\"wpforms-field-sublabel after\">Last<\/label><\/div><\/div><\/fieldset><\/div><div id=\"wpforms-51-field_2-container\" class=\"wpforms-field wpforms-field-email\" data-field-id=\"2\"><label class=\"wpforms-field-label\" for=\"wpforms-51-field_2\">Correo Electr\u00f3nico <span class=\"wpforms-required-label\" aria-hidden=\"true\">*<\/span><\/label><input type=\"email\" id=\"wpforms-51-field_2\" class=\"wpforms-field-medium wpforms-field-required\" name=\"wpforms[fields][2]\" spellcheck=\"false\" aria-errormessage=\"wpforms-51-field_2-error\" required><\/div><div id=\"wpforms-51-field_3-container\" class=\"wpforms-field wpforms-field-textarea\" data-field-id=\"3\"><label class=\"wpforms-field-label\" for=\"wpforms-51-field_3\">\u00bfQue producto o servicio te interesa?<\/label><textarea id=\"wpforms-51-field_3\" class=\"wpforms-field-medium\" name=\"wpforms[fields][3]\" aria-errormessage=\"wpforms-51-field_3-error\" ><\/textarea><\/div><\/div><!-- .wpforms-field-container --><div class=\"wpforms-recaptcha-container wpforms-is-recaptcha wpforms-is-recaptcha-type-v3\" ><input type=\"hidden\" name=\"wpforms[recaptcha]\" value=\"\"><\/div><div class=\"wpforms-submit-container\" ><input type=\"hidden\" name=\"wpforms[id]\" value=\"51\"><input type=\"hidden\" name=\"page_title\" value=\"\"><input type=\"hidden\" name=\"page_url\" value=\"https:\/\/energy.servo.systems\/index.php\/wp-json\/wp\/v2\/pages\/177\"><input type=\"hidden\" name=\"url_referer\" value=\"\"><button type=\"submit\" name=\"wpforms[submit]\" id=\"wpforms-submit-51\" class=\"wpforms-submit\" data-alt-text=\"Sending...\" data-submit-text=\"Submit\" aria-live=\"assertive\" value=\"wpforms-submit\">Submit<\/button><img loading=\"lazy\" decoding=\"async\" src=\"https:\/\/energy.servo.systems\/wp-content\/plugins\/wpforms-lite\/assets\/images\/submit-spin.svg\" class=\"wpforms-submit-spinner\" style=\"display: none;\" width=\"26\" height=\"26\" alt=\"Loading\"><\/div><\/form><\/div>  <!-- .wpforms-container --><\/div>\n<\/div>\n\n\n\n<div class=\"wp-block-column is-layout-flow wp-block-column-is-layout-flow\"><\/div>\n<\/div>\n","protected":false},"excerpt":{"rendered":"<p>Innovaci\u00f3n en la Fabricaci\u00f3n de Paneles Fotovoltaicos Seraphim Solar, fundada en 2011, es una destacada empresa china que ha consolidado su posici\u00f3n como uno de los principales fabricantes de paneles solares a nivel mundial. Reconocida por su compromiso con la innovaci\u00f3n, Seraphim ha redefinido los est\u00e1ndares de eficiencia al integrar obleas de silicio de 182 [&hellip;]<\/p>\n","protected":false},"author":1,"featured_media":0,"parent":0,"menu_order":0,"comment_status":"closed","ping_status":"closed","template":"","meta":{"_joinchat":[],"footnotes":""},"class_list":["post-177","page","type-page","status-publish","hentry"],"_links":{"self":[{"href":"https:\/\/energy.servo.systems\/index.php\/wp-json\/wp\/v2\/pages\/177","targetHints":{"allow":["GET"]}}],"collection":[{"href":"https:\/\/energy.servo.systems\/index.php\/wp-json\/wp\/v2\/pages"}],"about":[{"href":"https:\/\/energy.servo.systems\/index.php\/wp-json\/wp\/v2\/types\/page"}],"author":[{"embeddable":true,"href":"https:\/\/energy.servo.systems\/index.php\/wp-json\/wp\/v2\/users\/1"}],"replies":[{"embeddable":true,"href":"https:\/\/energy.servo.systems\/index.php\/wp-json\/wp\/v2\/comments?post=177"}],"version-history":[{"count":9,"href":"https:\/\/energy.servo.systems\/index.php\/wp-json\/wp\/v2\/pages\/177\/revisions"}],"predecessor-version":[{"id":208,"href":"https:\/\/energy.servo.systems\/index.php\/wp-json\/wp\/v2\/pages\/177\/revisions\/208"}],"wp:attachment":[{"href":"https:\/\/energy.servo.systems\/index.php\/wp-json\/wp\/v2\/media?parent=177"}],"curies":[{"name":"wp","href":"https:\/\/api.w.org\/{rel}","templated":true}]}}