{"id":159,"date":"2025-01-05T22:03:33","date_gmt":"2025-01-05T22:03:33","guid":{"rendered":"https:\/\/energy.servo.systems\/?page_id=159"},"modified":"2025-01-06T05:30:31","modified_gmt":"2025-01-06T05:30:31","slug":"productos","status":"publish","type":"page","link":"https:\/\/energy.servo.systems\/index.php\/productos\/","title":{"rendered":"Productos"},"content":{"rendered":"\n<div class=\"wp-block-group alignfull has-global-padding is-layout-constrained wp-block-group-is-layout-constrained\" style=\"margin-top:0;margin-bottom:0;padding-top:var(--wp--preset--spacing--50);padding-bottom:var(--wp--preset--spacing--50)\">\n<div class=\"wp-block-columns alignwide is-layout-flex wp-container-core-columns-is-layout-47c06fe3 wp-block-columns-is-layout-flex\">\n<div class=\"wp-block-column is-layout-flow wp-block-column-is-layout-flow\" style=\"flex-basis:56%\">\n<div class=\"wp-block-cover alignfull is-light has-custom-content-position is-position-bottom-center has-global-padding is-layout-constrained wp-container-core-cover-is-layout-d89aad35 wp-block-cover-is-layout-constrained\" style=\"margin-top:0;margin-bottom:0;padding-top:var(--wp--preset--spacing--50);padding-right:var(--wp--preset--spacing--50);padding-bottom:var(--wp--preset--spacing--50);padding-left:var(--wp--preset--spacing--50);min-height:840px;aspect-ratio:unset;\"><span aria-hidden=\"true\" class=\"wp-block-cover__background has-background-dim-10 has-background-dim\"><\/span><video class=\"wp-block-cover__video-background intrinsic-ignore\" autoplay muted loop playsinline src=\"https:\/\/energy.servo.systems\/wp-content\/uploads\/2025\/01\/EnergiasRenovables.mp4\" data-object-fit=\"cover\"><\/video><div class=\"wp-block-cover__inner-container\"><\/div><\/div>\n<\/div>\n\n\n\n<div class=\"wp-block-column is-vertically-aligned-center is-layout-flow wp-container-core-column-is-layout-119bc444 wp-block-column-is-layout-flow\">\n<h2 class=\"wp-block-heading\"><strong>Nuevas Alternativas<\/strong><\/h2>\n\n\n\n<p>Las energ\u00edas renovables representan un pilar clave para un futuro sostenible, ofreciendo soluciones eficientes que impulsan la transformaci\u00f3n energ\u00e9tica global. Su implementaci\u00f3n no solo optimiza recursos, sino que tambi\u00e9n genera oportunidades para un desarrollo m\u00e1s limpio, competitivo y responsable. Descubre c\u00f3mo estas alternativas pueden potenciar el crecimiento de tu empresa mientras contribuyen a un entorno m\u00e1s sostenible.<\/p>\n<\/div>\n<\/div>\n<\/div>\n\n\n\n<div class=\"wp-block-group alignfull has-global-padding is-layout-constrained wp-block-group-is-layout-constrained\" style=\"margin-top:0;margin-bottom:0;padding-top:var(--wp--preset--spacing--50);padding-bottom:var(--wp--preset--spacing--50)\">\n<div class=\"wp-block-group alignwide is-layout-grid wp-container-core-group-is-layout-840b37f5 wp-block-group-is-layout-grid\">\n<div class=\"wp-block-group is-vertical is-layout-flex wp-container-core-group-is-layout-d6b9ab57 wp-block-group-is-layout-flex\">\n<h2 class=\"wp-block-heading has-x-large-font-size\">Productos<\/h2>\n<\/div>\n\n\n\n<div class=\"wp-block-group is-vertical is-content-justification-stretch is-layout-flex wp-container-core-group-is-layout-353c4f5a wp-block-group-is-layout-flex\">\n<div class=\"wp-block-cover is-light has-custom-content-position is-position-top-left\"><span aria-hidden=\"true\" class=\"wp-block-cover__background has-background-dim-0 has-background-dim\" style=\"background-color:#833d3a\"><\/span><img loading=\"lazy\" decoding=\"async\" width=\"500\" height=\"520\" class=\"wp-block-cover__image-background wp-image-194\" alt=\"\" src=\"https:\/\/energy.servo.systems\/wp-content\/uploads\/2025\/01\/CanadianSolarPanel.png\" style=\"object-position:79% 52%\" data-object-fit=\"cover\" data-object-position=\"79% 52%\" srcset=\"https:\/\/energy.servo.systems\/wp-content\/uploads\/2025\/01\/CanadianSolarPanel.png 500w, https:\/\/energy.servo.systems\/wp-content\/uploads\/2025\/01\/CanadianSolarPanel-288x300.png 288w\" sizes=\"auto, (max-width: 500px) 100vw, 500px\" \/><div class=\"wp-block-cover__inner-container has-global-padding is-layout-constrained wp-block-cover-is-layout-constrained\">\n<div style=\"height:var(--wp--preset--spacing--20)\" aria-hidden=\"true\" class=\"wp-block-spacer\"><\/div>\n<\/div><\/div>\n\n\n\n<p class=\"has-text-align-center\"><a href=\"https:\/\/energy.servo.systems\/index.php\/paneles-solares\/\" data-type=\"page\" data-id=\"114\">Canadian Solar: Tecnolog\u00eda de Paneles Solares de Alta Eficiencia<\/a><\/p>\n<\/div>\n\n\n\n<div class=\"wp-block-group is-vertical is-content-justification-stretch is-layout-flex wp-container-core-group-is-layout-353c4f5a wp-block-group-is-layout-flex\">\n<div class=\"wp-block-cover is-light\"><span aria-hidden=\"true\" class=\"wp-block-cover__background has-background-dim-0 has-background-dim\" style=\"background-color:#828282\"><\/span><img loading=\"lazy\" decoding=\"async\" width=\"367\" height=\"512\" class=\"wp-block-cover__image-background wp-image-196\" alt=\"\" src=\"https:\/\/energy.servo.systems\/wp-content\/uploads\/2025\/01\/seraphim-panel.png\" data-object-fit=\"cover\" srcset=\"https:\/\/energy.servo.systems\/wp-content\/uploads\/2025\/01\/seraphim-panel.png 367w, https:\/\/energy.servo.systems\/wp-content\/uploads\/2025\/01\/seraphim-panel-215x300.png 215w\" sizes=\"auto, (max-width: 367px) 100vw, 367px\" \/><div class=\"wp-block-cover__inner-container has-global-padding is-layout-constrained wp-block-cover-is-layout-constrained\">\n<div style=\"height:var(--wp--preset--spacing--20)\" aria-hidden=\"true\" class=\"wp-block-spacer\"><\/div>\n<\/div><\/div>\n\n\n\n<p class=\"has-text-align-center\"><a href=\"https:\/\/energy.servo.systems\/index.php\/seraphim-paneles-solares-de-alto-rendimiento\/\" data-type=\"page\" data-id=\"177\">Seraphim: Paneles Solares de Alto Rendimiento<\/a><\/p>\n<\/div>\n\n\n\n<div class=\"wp-block-group is-vertical is-content-justification-stretch is-layout-flex wp-container-core-group-is-layout-353c4f5a wp-block-group-is-layout-flex\">\n<div class=\"wp-block-cover is-light\"><span aria-hidden=\"true\" class=\"wp-block-cover__background has-background-dim-0 has-background-dim\" style=\"background-color:#d6bc98\"><\/span><img loading=\"lazy\" decoding=\"async\" width=\"584\" height=\"615\" class=\"wp-block-cover__image-background wp-image-211\" alt=\"\" src=\"https:\/\/energy.servo.systems\/wp-content\/uploads\/2025\/01\/inversor_solar_id.jpg\" style=\"object-position:100% 73%\" data-object-fit=\"cover\" data-object-position=\"100% 73%\" srcset=\"https:\/\/energy.servo.systems\/wp-content\/uploads\/2025\/01\/inversor_solar_id.jpg 584w, https:\/\/energy.servo.systems\/wp-content\/uploads\/2025\/01\/inversor_solar_id-285x300.jpg 285w\" sizes=\"auto, (max-width: 584px) 100vw, 584px\" \/><div class=\"wp-block-cover__inner-container has-global-padding is-layout-constrained wp-block-cover-is-layout-constrained\">\n<div style=\"height:var(--wp--preset--spacing--20)\" aria-hidden=\"true\" class=\"wp-block-spacer\"><\/div>\n<\/div><\/div>\n\n\n\n<p class=\"has-text-align-center\"><a href=\"https:\/\/energy.servo.systems\/index.php\/inversores-solares\/\" data-type=\"page\" data-id=\"213\">Inversores solares<\/a><\/p>\n<\/div>\n\n\n\n<div class=\"wp-block-group is-vertical is-content-justification-stretch is-layout-flex wp-container-core-group-is-layout-353c4f5a wp-block-group-is-layout-flex\">\n<div class=\"wp-block-cover is-light\"><span aria-hidden=\"true\" class=\"wp-block-cover__background has-background-dim-0 has-background-dim\" style=\"background-color:#d6bc98\"><\/span><img loading=\"lazy\" decoding=\"async\" width=\"870\" height=\"500\" class=\"wp-block-cover__image-background wp-image-245\" alt=\"\" src=\"https:\/\/energy.servo.systems\/wp-content\/uploads\/2025\/01\/microinversor-solar-para-que-sirve-y-como-funciona-portada.jpg\" style=\"object-position:13% 57%\" data-object-fit=\"cover\" data-object-position=\"13% 57%\" srcset=\"https:\/\/energy.servo.systems\/wp-content\/uploads\/2025\/01\/microinversor-solar-para-que-sirve-y-como-funciona-portada.jpg 870w, https:\/\/energy.servo.systems\/wp-content\/uploads\/2025\/01\/microinversor-solar-para-que-sirve-y-como-funciona-portada-300x172.jpg 300w, https:\/\/energy.servo.systems\/wp-content\/uploads\/2025\/01\/microinversor-solar-para-que-sirve-y-como-funciona-portada-768x441.jpg 768w\" sizes=\"auto, (max-width: 870px) 100vw, 870px\" \/><div class=\"wp-block-cover__inner-container has-global-padding is-layout-constrained wp-block-cover-is-layout-constrained\">\n<div style=\"height:var(--wp--preset--spacing--20)\" aria-hidden=\"true\" class=\"wp-block-spacer\"><\/div>\n<\/div><\/div>\n\n\n\n<p class=\"has-text-align-center\"><a href=\"https:\/\/energy.servo.systems\/index.php\/microinversores-solares\/\" data-type=\"page\" data-id=\"254\">Microinversores solares<\/a><\/p>\n<\/div>\n\n\n\n<div class=\"wp-block-group is-vertical is-content-justification-stretch is-layout-flex wp-container-core-group-is-layout-353c4f5a wp-block-group-is-layout-flex\">\n<div class=\"wp-block-cover is-light\"><span aria-hidden=\"true\" class=\"wp-block-cover__background has-background-dim-0 has-background-dim\" style=\"background-color:#d6bc98\"><\/span><img loading=\"lazy\" decoding=\"async\" width=\"1152\" height=\"864\" class=\"wp-block-cover__image-background wp-image-248\" alt=\"\" src=\"https:\/\/energy.servo.systems\/wp-content\/uploads\/2025\/01\/estructura-panel-techo-inclinado-2.webp\" style=\"object-position:0% 91%\" data-object-fit=\"cover\" data-object-position=\"0% 91%\" srcset=\"https:\/\/energy.servo.systems\/wp-content\/uploads\/2025\/01\/estructura-panel-techo-inclinado-2.webp 1152w, https:\/\/energy.servo.systems\/wp-content\/uploads\/2025\/01\/estructura-panel-techo-inclinado-2-300x225.webp 300w, https:\/\/energy.servo.systems\/wp-content\/uploads\/2025\/01\/estructura-panel-techo-inclinado-2-1024x768.webp 1024w, https:\/\/energy.servo.systems\/wp-content\/uploads\/2025\/01\/estructura-panel-techo-inclinado-2-768x576.webp 768w\" sizes=\"auto, (max-width: 1152px) 100vw, 1152px\" \/><div class=\"wp-block-cover__inner-container has-global-padding is-layout-constrained wp-block-cover-is-layout-constrained\">\n<div style=\"height:var(--wp--preset--spacing--20)\" aria-hidden=\"true\" class=\"wp-block-spacer\"><\/div>\n<\/div><\/div>\n\n\n\n<p class=\"has-text-align-center\"><a href=\"https:\/\/energy.servo.systems\/index.php\/estructuras\/\" data-type=\"page\" data-id=\"274\">Estructuras para paneles solares<\/a><\/p>\n<\/div>\n\n\n\n<div class=\"wp-block-group is-vertical is-content-justification-stretch is-layout-flex wp-container-core-group-is-layout-353c4f5a wp-block-group-is-layout-flex\">\n<div class=\"wp-block-cover is-light\"><span aria-hidden=\"true\" class=\"wp-block-cover__background has-background-dim-0 has-background-dim\" style=\"background-color:#d6bc98\"><\/span><img loading=\"lazy\" decoding=\"async\" width=\"1600\" height=\"1600\" class=\"wp-block-cover__image-background wp-image-251\" alt=\"\" src=\"https:\/\/energy.servo.systems\/wp-content\/uploads\/2025\/01\/accesorios.jpg\" data-object-fit=\"cover\" srcset=\"https:\/\/energy.servo.systems\/wp-content\/uploads\/2025\/01\/accesorios.jpg 1600w, https:\/\/energy.servo.systems\/wp-content\/uploads\/2025\/01\/accesorios-300x300.jpg 300w, https:\/\/energy.servo.systems\/wp-content\/uploads\/2025\/01\/accesorios-1024x1024.jpg 1024w, https:\/\/energy.servo.systems\/wp-content\/uploads\/2025\/01\/accesorios-150x150.jpg 150w, https:\/\/energy.servo.systems\/wp-content\/uploads\/2025\/01\/accesorios-768x768.jpg 768w, https:\/\/energy.servo.systems\/wp-content\/uploads\/2025\/01\/accesorios-1536x1536.jpg 1536w\" sizes=\"auto, (max-width: 1600px) 100vw, 1600px\" \/><div class=\"wp-block-cover__inner-container has-global-padding is-layout-constrained wp-block-cover-is-layout-constrained\">\n<div style=\"height:var(--wp--preset--spacing--20)\" aria-hidden=\"true\" class=\"wp-block-spacer\"><\/div>\n<\/div><\/div>\n\n\n\n<p class=\"has-text-align-center\"><a href=\"https:\/\/energy.servo.systems\/index.php\/accesorios-para-paneles-solares\/\" data-type=\"page\" data-id=\"392\">Accesorios para Paneles Solares<\/a><\/p>\n<\/div>\n<\/div>\n<\/div>\n","protected":false},"excerpt":{"rendered":"<p>Nuevas Alternativas Las energ\u00edas renovables representan un pilar clave para un futuro sostenible, ofreciendo soluciones eficientes que impulsan la transformaci\u00f3n energ\u00e9tica global. Su implementaci\u00f3n no solo optimiza recursos, sino que tambi\u00e9n genera oportunidades para un desarrollo m\u00e1s limpio, competitivo y responsable. Descubre c\u00f3mo estas alternativas pueden potenciar el crecimiento de tu empresa mientras contribuyen a [&hellip;]<\/p>\n","protected":false},"author":1,"featured_media":0,"parent":0,"menu_order":0,"comment_status":"closed","ping_status":"closed","template":"","meta":{"_joinchat":[],"footnotes":""},"class_list":["post-159","page","type-page","status-publish","hentry"],"_links":{"self":[{"href":"https:\/\/energy.servo.systems\/index.php\/wp-json\/wp\/v2\/pages\/159","targetHints":{"allow":["GET"]}}],"collection":[{"href":"https:\/\/energy.servo.systems\/index.php\/wp-json\/wp\/v2\/pages"}],"about":[{"href":"https:\/\/energy.servo.systems\/index.php\/wp-json\/wp\/v2\/types\/page"}],"author":[{"embeddable":true,"href":"https:\/\/energy.servo.systems\/index.php\/wp-json\/wp\/v2\/users\/1"}],"replies":[{"embeddable":true,"href":"https:\/\/energy.servo.systems\/index.php\/wp-json\/wp\/v2\/comments?post=159"}],"version-history":[{"count":19,"href":"https:\/\/energy.servo.systems\/index.php\/wp-json\/wp\/v2\/pages\/159\/revisions"}],"predecessor-version":[{"id":395,"href":"https:\/\/energy.servo.systems\/index.php\/wp-json\/wp\/v2\/pages\/159\/revisions\/395"}],"wp:attachment":[{"href":"https:\/\/energy.servo.systems\/index.php\/wp-json\/wp\/v2\/media?parent=159"}],"curies":[{"name":"wp","href":"https:\/\/api.w.org\/{rel}","templated":true}]}}