{"id":114,"date":"2025-01-05T08:53:10","date_gmt":"2025-01-05T08:53:10","guid":{"rendered":"https:\/\/energy.servo.systems\/?page_id=114"},"modified":"2025-01-05T23:38:12","modified_gmt":"2025-01-05T23:38:12","slug":"paneles-solares","status":"publish","type":"page","link":"https:\/\/energy.servo.systems\/index.php\/paneles-solares\/","title":{"rendered":"Canadian Solar: Tecnolog\u00eda de Paneles Solares de Alta Eficiencia"},"content":{"rendered":"\n<div class=\"wp-block-group alignfull has-global-padding is-layout-constrained wp-block-group-is-layout-constrained\" style=\"margin-top:0;margin-bottom:0;padding-top:var(--wp--preset--spacing--50);padding-bottom:var(--wp--preset--spacing--50)\">\n<div class=\"wp-block-columns alignwide is-layout-flex wp-container-core-columns-is-layout-47c06fe3 wp-block-columns-is-layout-flex\">\n<div class=\"wp-block-column is-layout-flow wp-block-column-is-layout-flow\" style=\"flex-basis:56%\">\n<figure class=\"wp-block-image size-full\"><img loading=\"lazy\" decoding=\"async\" width=\"940\" height=\"788\" src=\"https:\/\/energy.servo.systems\/wp-content\/uploads\/2025\/01\/Instalador-de-Paneles-2.png\" alt=\"\" class=\"wp-image-118\" style=\"aspect-ratio:1;object-fit:cover\" srcset=\"https:\/\/energy.servo.systems\/wp-content\/uploads\/2025\/01\/Instalador-de-Paneles-2.png 940w, https:\/\/energy.servo.systems\/wp-content\/uploads\/2025\/01\/Instalador-de-Paneles-2-300x251.png 300w, https:\/\/energy.servo.systems\/wp-content\/uploads\/2025\/01\/Instalador-de-Paneles-2-768x644.png 768w\" sizes=\"auto, (max-width: 940px) 100vw, 940px\" \/><\/figure>\n<\/div>\n\n\n\n<div class=\"wp-block-column is-vertically-aligned-center is-layout-flow wp-container-core-column-is-layout-119bc444 wp-block-column-is-layout-flow\">\n<figure class=\"wp-block-image size-full\"><img loading=\"lazy\" decoding=\"async\" width=\"600\" height=\"200\" src=\"https:\/\/energy.servo.systems\/wp-content\/uploads\/2025\/01\/logo-canadian-solar.png\" alt=\"\" class=\"wp-image-120\" srcset=\"https:\/\/energy.servo.systems\/wp-content\/uploads\/2025\/01\/logo-canadian-solar.png 600w, https:\/\/energy.servo.systems\/wp-content\/uploads\/2025\/01\/logo-canadian-solar-300x100.png 300w\" sizes=\"auto, (max-width: 600px) 100vw, 600px\" \/><\/figure>\n\n\n\n<p>Es una de las marcas de paneles solares m\u00e1s reconocidas a nivel internacional debido a la excelente calidad de sus productos y a su trayectoria en el \u00e1mbito de la energ\u00eda solar y sistemas fotovoltaicos. Con m\u00e1s de 18 a\u00f1os de experiencia, Canadian Solar ha demostrado ser uno de los fabricantes de paneles solares l\u00edderes en el mundo, contando con m\u00e1s de 20 filiales en los 6 continentes y diferentes certificaciones internacionales que avalan la excelencia de sus productos.<\/p>\n\n\n\n<p><strong>ServoSystem<\/strong> trae para ti los mejores modelos de paneles solares Canadian Solar a M\u00e9xico. Distribuimos los mejores paneles solares a nivel internacional, respaldados por la calidad y los beneficios de contar con <strong>ServoSystem<\/strong> como tu aliado.<\/p>\n<\/div>\n<\/div>\n<\/div>\n\n\n\n<div class=\"wp-block-group alignfull has-global-padding is-layout-constrained wp-block-group-is-layout-constrained\" style=\"margin-top:0;margin-bottom:0;padding-top:var(--wp--preset--spacing--50);padding-bottom:var(--wp--preset--spacing--50)\">\n<div class=\"wp-block-group alignwide is-layout-grid wp-container-core-group-is-layout-840b37f5 wp-block-group-is-layout-grid\">\n<div class=\"wp-block-group is-vertical is-layout-flex wp-container-core-group-is-layout-d6b9ab57 wp-block-group-is-layout-flex\">\n<h2 class=\"wp-block-heading has-x-large-font-size\"><br><strong>Modelos de Paneles Solares Canadian Solar Disponibles<\/strong><\/h2>\n<\/div>\n\n\n\n<div class=\"wp-block-group is-vertical is-content-justification-stretch is-layout-flex wp-container-core-group-is-layout-353c4f5a wp-block-group-is-layout-flex\">\n<div class=\"wp-block-cover\"><span aria-hidden=\"true\" class=\"wp-block-cover__background has-background-dim-0 has-background-dim\" style=\"background-color:#833d3a\"><\/span><img loading=\"lazy\" decoding=\"async\" width=\"154\" height=\"300\" class=\"wp-block-cover__image-background wp-image-124\" alt=\"\" src=\"https:\/\/energy.servo.systems\/wp-content\/uploads\/2025\/01\/HiKu6-Mono-530W-555-W-.png\" style=\"object-position:53% 53%\" data-object-fit=\"cover\" data-object-position=\"53% 53%\"\/><div class=\"wp-block-cover__inner-container has-global-padding is-layout-constrained wp-block-cover-is-layout-constrained\">\n<div style=\"height:var(--wp--preset--spacing--20)\" aria-hidden=\"true\" class=\"wp-block-spacer\"><\/div>\n<\/div><\/div>\n\n\n\n<p class=\"has-text-align-center\"><strong>HiKu6 Mono 530W ~ 555 W&nbsp;<\/strong><\/p>\n\n\n\n<p>Los HiKu6 Mono&nbsp; 580 W ~ 605 W de Canadian Solar con eficiencia del m\u00f3dulo hasta un 21.4%.<\/p>\n\n\n\n<p><a href=\"https:\/\/energy.servo.systems\/wp-content\/uploads\/2025\/01\/Canadian-Solar-HiKu6-Mono-_CS6W-MS_525-545-vico-export-solar-energy-1.pdf\" data-type=\"attachment\" data-id=\"130\"><strong>Consulta la ficha t\u00e9cnica<\/strong><\/a><\/p>\n<\/div>\n\n\n\n<div class=\"wp-block-group is-vertical is-content-justification-stretch is-layout-flex wp-container-core-group-is-layout-353c4f5a wp-block-group-is-layout-flex\">\n<div class=\"wp-block-cover\"><span aria-hidden=\"true\" class=\"wp-block-cover__background has-background-dim-0 has-background-dim\" style=\"background-color:#828282\"><\/span><img loading=\"lazy\" decoding=\"async\" width=\"154\" height=\"300\" class=\"wp-block-cover__image-background wp-image-124\" alt=\"\" src=\"https:\/\/energy.servo.systems\/wp-content\/uploads\/2025\/01\/HiKu6-Mono-530W-555-W-.png\" data-object-fit=\"cover\"\/><div class=\"wp-block-cover__inner-container has-global-padding is-layout-constrained wp-block-cover-is-layout-constrained\">\n<div style=\"height:var(--wp--preset--spacing--20)\" aria-hidden=\"true\" class=\"wp-block-spacer\"><\/div>\n<\/div><\/div>\n\n\n\n<p class=\"has-text-align-center\"><strong>HiKu7 Mono 580W ~ 605 W&nbsp;<\/strong><\/p>\n\n\n\n<p class=\"has-text-align-center\">Los HiKu6 Mono&nbsp; 530 W&nbsp;~ 555 W de Canadian Solar son uno de los modelos con mayor capacidad de producci\u00f3n de potencia y con mayor tecnolog\u00eda en la industria.<\/p>\n\n\n\n<p class=\"has-text-align-center\"><a href=\"https:\/\/energy.servo.systems\/wp-content\/uploads\/2025\/01\/FT_Can_HiKu7_580_-605.pdf\" data-type=\"attachment\" data-id=\"134\"><strong>Consulta la ficha t\u00e9cnica<\/strong><\/a><br><\/p>\n<\/div>\n\n\n\n<div class=\"wp-block-group is-vertical is-content-justification-stretch is-layout-flex wp-container-core-group-is-layout-353c4f5a wp-block-group-is-layout-flex\">\n<div class=\"wp-block-cover\"><span aria-hidden=\"true\" class=\"wp-block-cover__background has-background-dim-0 has-background-dim\" style=\"background-color:#d6bc98\"><\/span><img loading=\"lazy\" decoding=\"async\" width=\"172\" height=\"300\" class=\"wp-block-cover__image-background wp-image-136\" alt=\"\" src=\"https:\/\/energy.servo.systems\/wp-content\/uploads\/2025\/01\/POTENCIA-590-2-172x300-1.png\" data-object-fit=\"cover\"\/><div class=\"wp-block-cover__inner-container has-global-padding is-layout-constrained wp-block-cover-is-layout-constrained\">\n<div style=\"height:var(--wp--preset--spacing--20)\" aria-hidden=\"true\" class=\"wp-block-spacer\"><\/div>\n<\/div><\/div>\n\n\n\n<p class=\"has-text-align-center\"><strong>TOPHiKu6 570W ~ 595 W&nbsp;<\/strong><\/p>\n\n\n\n<p>Los TOPHiKu6 570 W ~ 595 W de Canadian Solar con eficiencia del m\u00f3dulo hasta un 23%.<\/p>\n\n\n\n<p><strong><a href=\"https:\/\/energy.servo.systems\/wp-content\/uploads\/2025\/01\/CS-Datasheet-TOPHiKu6_CS6W-T_v2.0_EN.pdf\" data-type=\"attachment\" data-id=\"138\">Consulta la ficha t\u00e9cnica<\/a><\/strong><\/p>\n<\/div>\n\n\n\n<div class=\"wp-block-group is-vertical is-content-justification-stretch is-layout-flex wp-container-core-group-is-layout-353c4f5a wp-block-group-is-layout-flex\">\n<div class=\"wp-block-cover\"><span aria-hidden=\"true\" class=\"wp-block-cover__background has-background-dim-0 has-background-dim\" style=\"background-color:#d6bc98\"><\/span><img loading=\"lazy\" decoding=\"async\" width=\"172\" height=\"300\" class=\"wp-block-cover__image-background wp-image-136\" alt=\"\" src=\"https:\/\/energy.servo.systems\/wp-content\/uploads\/2025\/01\/POTENCIA-590-2-172x300-1.png\" data-object-fit=\"cover\"\/><div class=\"wp-block-cover__inner-container has-global-padding is-layout-constrained wp-block-cover-is-layout-constrained\">\n<div style=\"height:var(--wp--preset--spacing--20)\" aria-hidden=\"true\" class=\"wp-block-spacer\"><\/div>\n<\/div><\/div>\n\n\n\n<p class=\"has-text-align-center\"><strong><strong>TOPHiKu6 595W ~ 620W<\/strong><\/strong><\/p>\n\n\n\n<p>Los TOPHiKu6 595 W ~ 620 W de Canadian Solar con eficiencia del m\u00f3dulo hasta un 23%.<\/p>\n\n\n\n<p><strong><a href=\"https:\/\/energy.servo.systems\/wp-content\/uploads\/2025\/01\/CS-Datasheet-TOPHiKu6-TOPCon_CS6.1-72TD_v1.5_EN.pdf\" data-type=\"attachment\" data-id=\"141\">Consulta la ficha t\u00e9cnica<\/a><\/strong><\/p>\n<\/div>\n\n\n\n<div class=\"wp-block-group is-vertical is-content-justification-stretch is-layout-flex wp-container-core-group-is-layout-353c4f5a wp-block-group-is-layout-flex\">\n<div class=\"wp-block-cover\"><span aria-hidden=\"true\" class=\"wp-block-cover__background has-background-dim-0 has-background-dim\" style=\"background-color:#d6bc98\"><\/span><img loading=\"lazy\" decoding=\"async\" width=\"172\" height=\"300\" class=\"wp-block-cover__image-background wp-image-136\" alt=\"\" src=\"https:\/\/energy.servo.systems\/wp-content\/uploads\/2025\/01\/POTENCIA-590-2-172x300-1.png\" data-object-fit=\"cover\"\/><div class=\"wp-block-cover__inner-container has-global-padding is-layout-constrained wp-block-cover-is-layout-constrained\">\n<div style=\"height:var(--wp--preset--spacing--20)\" aria-hidden=\"true\" class=\"wp-block-spacer\"><\/div>\n<\/div><\/div>\n\n\n\n<p class=\"has-text-align-center\"><strong><strong><strong>HiKu7 Mono PERC 645W ~ 675W&nbsp;<\/strong><\/strong><\/strong><\/p>\n\n\n\n<p>Los HiKu7 Mono PERC 645 W ~ 670 W de Canadian Solar con eficiencia del m\u00f3dulo hasta un 21.7%.<\/p>\n\n\n\n<p><strong><a href=\"https:\/\/energy.servo.systems\/wp-content\/uploads\/2025\/01\/mono_CS-Datasheet-HiKu7_CS7N-MS_v2.7_EN-1.pdf\" data-type=\"attachment\" data-id=\"144\">Consulta la ficha t\u00e9cnica<\/a><\/strong><\/p>\n<\/div>\n<\/div>\n<\/div>\n\n\n\n<div class=\"wp-block-cover alignfull is-light has-custom-content-position is-position-bottom-center\" style=\"margin-top:0;margin-bottom:0;padding-top:var(--wp--preset--spacing--50);padding-right:var(--wp--preset--spacing--50);padding-bottom:var(--wp--preset--spacing--50);padding-left:var(--wp--preset--spacing--50);min-height:840px;aspect-ratio:unset;\"><span aria-hidden=\"true\" class=\"wp-block-cover__background has-background-dim-10 has-background-dim\"><\/span><video class=\"wp-block-cover__video-background intrinsic-ignore\" autoplay muted loop playsinline src=\"https:\/\/energy.servo.systems\/wp-content\/uploads\/2025\/01\/PanelesBrillando.mp4\" data-object-fit=\"cover\"><\/video><div class=\"wp-block-cover__inner-container has-global-padding is-layout-constrained wp-container-core-cover-is-layout-d89aad35 wp-block-cover-is-layout-constrained\">\n<div class=\"wp-block-group alignwide has-global-padding is-content-justification-left is-layout-constrained wp-container-core-group-is-layout-12dd3699 wp-block-group-is-layout-constrained\">\n<h2 class=\"wp-block-heading has-text-align-left has-base-color has-text-color has-background has-link-color has-xx-large-font-size wp-elements-b81d693d06cf56aab6329a7b924b42d1\" style=\"background-color:#00c3ff3b\"><strong><strong>Ahorros de Energ\u00eda<\/strong><\/strong><\/h2>\n\n\n\n<p class=\"has-base-color has-text-color has-background has-link-color wp-elements-8feaef9a43ff398dad8513aeba91a769\" style=\"background-color:#19bbf861\"><strong><br>Como el sol que impulsa el d\u00eda, la energ\u00eda solar potencia tu negocio, ofreciendo sostenibilidad, ahorro y un futuro m\u00e1s rentable.<\/strong><\/p>\n<\/div>\n<\/div><\/div>\n\n\n\n<div class=\"wp-block-columns is-layout-flex wp-container-core-columns-is-layout-28f84493 wp-block-columns-is-layout-flex\">\n<div class=\"wp-block-column is-layout-flow wp-block-column-is-layout-flow\" style=\"flex-basis:100em\">\n<p class=\"has-text-align-center is-style-text-display is-style-text-display--1\"><strong>\u00bfTienes preguntas?<\/strong> <br><a href=\"https:\/\/energy.servo.systems\/index.php\/contact-us\/\" data-type=\"page\" data-id=\"54\" rel=\"nofollow\">\u00a1Estamos aqu\u00ed para ayudarte!<\/a><\/p>\n\n\n\n<div class=\"wp-block-joinchat-button joinchat-button--qr-both has-border-color\" style=\"border-color:#25d366;border-style:solid;border-width:6px;border-radius:30px\"><figure><figcaption>Scan the code<\/figcaption><a class=\"joinchat-button__qr has-border-color\" style=\"border-color:#25d366;border-style:solid;border-width:6px;border-radius:30px\" href=\"#whatsapp\"><\/a><\/figure><a class=\"wp-block-button__link joinchat-button__link has-ffffff-color has-text-color has-background has-border-color\" style=\"border-color:#25d366;border-style:solid;border-width:6px;border-radius:30px;background-color:#25d366\" href=\"#whatsapp\"><span><strong>Open Chat<\/strong><\/span><\/a><\/div>\n\n\n\n<div class=\"wp-block-group has-global-padding is-layout-constrained wp-block-group-is-layout-constrained\"><div class=\"wpforms-container wpforms-container-full wpforms-block wpforms-block-9ca2e935-245a-4290-a158-6763fd4dab2a wpforms-render-modern\" id=\"wpforms-51\"><form id=\"wpforms-form-51\" class=\"wpforms-validate wpforms-form wpforms-ajax-form\" data-formid=\"51\" method=\"post\" enctype=\"multipart\/form-data\" action=\"\/index.php\/wp-json\/wp\/v2\/pages\/114\" data-token=\"73c6aa0cf880463df784e22226de4518\" data-token-time=\"1777683909\"><noscript class=\"wpforms-error-noscript\">Please enable JavaScript in your browser to complete this form.<\/noscript><div class=\"wpforms-hidden\" id=\"wpforms-error-noscript\">Please enable JavaScript in your browser to complete this form.<\/div><div class=\"wpforms-field-container\"><div id=\"wpforms-51-field_1-container\" class=\"wpforms-field wpforms-field-name\" data-field-id=\"1\"><fieldset><legend class=\"wpforms-field-label\">Nombre <span class=\"wpforms-required-label\" aria-hidden=\"true\">*<\/span><\/legend><div class=\"wpforms-field-row wpforms-field-medium\"><div class=\"wpforms-field-row-block wpforms-first wpforms-one-half\"><input type=\"text\" id=\"wpforms-51-field_1\" class=\"wpforms-field-name-first wpforms-field-required\" name=\"wpforms[fields][1][first]\" aria-errormessage=\"wpforms-51-field_1-error\" required><label for=\"wpforms-51-field_1\" class=\"wpforms-field-sublabel after\">First<\/label><\/div><div class=\"wpforms-field-row-block wpforms-one-half\"><input type=\"text\" id=\"wpforms-51-field_1-last\" class=\"wpforms-field-name-last wpforms-field-required\" name=\"wpforms[fields][1][last]\" aria-errormessage=\"wpforms-51-field_1-last-error\" required><label for=\"wpforms-51-field_1-last\" class=\"wpforms-field-sublabel after\">Last<\/label><\/div><\/div><\/fieldset><\/div><div id=\"wpforms-51-field_2-container\" class=\"wpforms-field wpforms-field-email\" data-field-id=\"2\"><label class=\"wpforms-field-label\" for=\"wpforms-51-field_2\">Correo Electr\u00f3nico <span class=\"wpforms-required-label\" aria-hidden=\"true\">*<\/span><\/label><input type=\"email\" id=\"wpforms-51-field_2\" class=\"wpforms-field-medium wpforms-field-required\" name=\"wpforms[fields][2]\" spellcheck=\"false\" aria-errormessage=\"wpforms-51-field_2-error\" required><\/div><div id=\"wpforms-51-field_3-container\" class=\"wpforms-field wpforms-field-textarea\" data-field-id=\"3\"><label class=\"wpforms-field-label\" for=\"wpforms-51-field_3\">\u00bfQue producto o servicio te interesa?<\/label><textarea id=\"wpforms-51-field_3\" class=\"wpforms-field-medium\" name=\"wpforms[fields][3]\" aria-errormessage=\"wpforms-51-field_3-error\" ><\/textarea><\/div><\/div><!-- .wpforms-field-container --><div class=\"wpforms-recaptcha-container wpforms-is-recaptcha wpforms-is-recaptcha-type-v3\" ><input type=\"hidden\" name=\"wpforms[recaptcha]\" value=\"\"><\/div><div class=\"wpforms-submit-container\" ><input type=\"hidden\" name=\"wpforms[id]\" value=\"51\"><input type=\"hidden\" name=\"page_title\" value=\"\"><input type=\"hidden\" name=\"page_url\" value=\"https:\/\/energy.servo.systems\/index.php\/wp-json\/wp\/v2\/pages\/114\"><input type=\"hidden\" name=\"url_referer\" value=\"\"><button type=\"submit\" name=\"wpforms[submit]\" id=\"wpforms-submit-51\" class=\"wpforms-submit\" data-alt-text=\"Sending...\" data-submit-text=\"Submit\" aria-live=\"assertive\" value=\"wpforms-submit\">Submit<\/button><img loading=\"lazy\" decoding=\"async\" src=\"https:\/\/energy.servo.systems\/wp-content\/plugins\/wpforms-lite\/assets\/images\/submit-spin.svg\" class=\"wpforms-submit-spinner\" style=\"display: none;\" width=\"26\" height=\"26\" alt=\"Loading\"><\/div><\/form><\/div>  <!-- .wpforms-container --><\/div>\n<\/div>\n\n\n\n<div class=\"wp-block-column is-layout-flow wp-block-column-is-layout-flow\"><\/div>\n<\/div>\n","protected":false},"excerpt":{"rendered":"<p>Es una de las marcas de paneles solares m\u00e1s reconocidas a nivel internacional debido a la excelente calidad de sus productos y a su trayectoria en el \u00e1mbito de la energ\u00eda solar y sistemas fotovoltaicos. Con m\u00e1s de 18 a\u00f1os de experiencia, Canadian Solar ha demostrado ser uno de los fabricantes de paneles solares l\u00edderes [&hellip;]<\/p>\n","protected":false},"author":1,"featured_media":0,"parent":0,"menu_order":0,"comment_status":"closed","ping_status":"closed","template":"","meta":{"_joinchat":[],"footnotes":""},"class_list":["post-114","page","type-page","status-publish","hentry"],"_links":{"self":[{"href":"https:\/\/energy.servo.systems\/index.php\/wp-json\/wp\/v2\/pages\/114","targetHints":{"allow":["GET"]}}],"collection":[{"href":"https:\/\/energy.servo.systems\/index.php\/wp-json\/wp\/v2\/pages"}],"about":[{"href":"https:\/\/energy.servo.systems\/index.php\/wp-json\/wp\/v2\/types\/page"}],"author":[{"embeddable":true,"href":"https:\/\/energy.servo.systems\/index.php\/wp-json\/wp\/v2\/users\/1"}],"replies":[{"embeddable":true,"href":"https:\/\/energy.servo.systems\/index.php\/wp-json\/wp\/v2\/comments?post=114"}],"version-history":[{"count":24,"href":"https:\/\/energy.servo.systems\/index.php\/wp-json\/wp\/v2\/pages\/114\/revisions"}],"predecessor-version":[{"id":230,"href":"https:\/\/energy.servo.systems\/index.php\/wp-json\/wp\/v2\/pages\/114\/revisions\/230"}],"wp:attachment":[{"href":"https:\/\/energy.servo.systems\/index.php\/wp-json\/wp\/v2\/media?parent=114"}],"curies":[{"name":"wp","href":"https:\/\/api.w.org\/{rel}","templated":true}]}}